{"id":1064,"date":"2023-11-01T14:31:15","date_gmt":"2023-11-01T13:31:15","guid":{"rendered":"https:\/\/malayo.dk\/om-os\/"},"modified":"2025-06-04T11:03:25","modified_gmt":"2025-06-04T09:03:25","slug":"om-os","status":"publish","type":"page","link":"https:\/\/malayo.dk\/da\/om-os\/","title":{"rendered":"Om os"},"content":{"rendered":"<div data-elementor-type=\"wp-post\" data-elementor-id=\"1064\" class=\"elementor elementor-1064\" data-elementor-post-type=\"page\">\n\t\t\t\t<div class=\"elementor-element elementor-element-06fe459 e-flex e-con-boxed e-con e-parent\" data-id=\"06fe459\" data-element_type=\"container\" data-e-type=\"container\" data-settings=\"{&quot;background_background&quot;:&quot;classic&quot;,&quot;shape_divider_bottom&quot;:&quot;curve&quot;,&quot;shape_divider_bottom_negative&quot;:&quot;yes&quot;}\">\n\t\t\t\t\t<div class=\"e-con-inner\">\n\t\t\t\t<div class=\"elementor-shape elementor-shape-bottom\" aria-hidden=\"true\" data-negative=\"true\">\n\t\t\t<svg xmlns=\"http:\/\/www.w3.org\/2000\/svg\" viewbox=\"0 0 1000 100\" preserveaspectratio=\"none\">\n\t<path class=\"elementor-shape-fill\" d=\"M500,97C126.7,96.3,0.8,19.8,0,0v100l1000,0V1C1000,19.4,873.3,97.8,500,97z\"\/>\n<\/svg>\t\t<\/div>\n\t\t<div class=\"elementor-element elementor-element-1119e36 e-con-full e-flex e-con e-child\" data-id=\"1119e36\" data-element_type=\"container\" data-e-type=\"container\">\n\t\t\t\t<\/div>\n\t\t\t\t\t<\/div>\n\t\t\t\t<\/div>\n\t\t<div class=\"elementor-element elementor-element-1302d2d e-flex e-con-boxed e-con e-parent\" data-id=\"1302d2d\" data-element_type=\"container\" data-e-type=\"container\" data-settings=\"{&quot;background_background&quot;:&quot;classic&quot;}\">\n\t\t\t\t\t<div class=\"e-con-inner\">\n\t\t<div class=\"elementor-element elementor-element-77d50fe e-con-full e-flex e-con e-child\" data-id=\"77d50fe\" data-element_type=\"container\" data-e-type=\"container\">\n\t\t\t\t<div class=\"elementor-element elementor-element-d5a9c56 elementor-widget elementor-widget-heading\" data-id=\"d5a9c56\" data-element_type=\"widget\" data-e-type=\"widget\" data-widget_type=\"heading.default\">\n\t\t\t\t<div class=\"elementor-widget-container\">\n\t\t\t\t\t<h2 class=\"elementor-heading-title elementor-size-default\">Partnerskab der skaber v\u00e6kst gennem IT-offshoring<\/h2>\t\t\t\t<\/div>\n\t\t\t\t<\/div>\n\t\t\t\t<div class=\"elementor-element elementor-element-1cda9b7 elementor-widget elementor-widget-text-editor\" data-id=\"1cda9b7\" data-element_type=\"widget\" data-e-type=\"widget\" data-widget_type=\"text-editor.default\">\n\t\t\t\t<div class=\"elementor-widget-container\">\n\t\t\t\t\t\t\t\t\tHos Malayo tror vi p\u00e5 partnerskab. Vores mission er at tilbyde offshoring-l\u00f8sninger, der omdanner IT-omkostninger til strategisk v\u00e6kst. Vi giver dig en omkostningseffektiv m\u00e5de at udvide dit team med dygtige IT-specialister, som vi rekrutterer og integrerer direkte i dine projekter. Dette sikrer, at dine IT-investeringer bliver en integreret del af din succes.\t\t\t\t\t\t\t\t<\/div>\n\t\t\t\t<\/div>\n\t\t\t\t<\/div>\n\t\t\t\t\t<\/div>\n\t\t\t\t<\/div>\n\t\t<div class=\"elementor-element elementor-element-8ecbe9e e-flex e-con-boxed e-con e-parent\" data-id=\"8ecbe9e\" data-element_type=\"container\" data-e-type=\"container\" data-settings=\"{&quot;background_background&quot;:&quot;classic&quot;}\">\n\t\t\t\t\t<div class=\"e-con-inner\">\n\t\t<div class=\"elementor-element elementor-element-2bfac78 e-con-full e-flex e-con e-child\" data-id=\"2bfac78\" data-element_type=\"container\" data-e-type=\"container\" data-settings=\"{&quot;background_background&quot;:&quot;classic&quot;}\">\n\t\t\t\t<\/div>\n\t\t<div class=\"elementor-element elementor-element-c5a24ec e-con-full e-flex e-con e-child\" data-id=\"c5a24ec\" data-element_type=\"container\" data-e-type=\"container\">\n\t\t<div class=\"elementor-element elementor-element-c0f0e25 e-con-full e-flex e-con e-child\" data-id=\"c0f0e25\" data-element_type=\"container\" data-e-type=\"container\">\n\t\t\t\t<div class=\"elementor-element elementor-element-9e9e1d3 elementor-widget elementor-widget-heading\" data-id=\"9e9e1d3\" data-element_type=\"widget\" data-e-type=\"widget\" data-widget_type=\"heading.default\">\n\t\t\t\t<div class=\"elementor-widget-container\">\n\t\t\t\t\t<h3 class=\"elementor-heading-title elementor-size-default\">IT-l\u00f8sninger der g\u00f8r en forskel<\/h3>\t\t\t\t<\/div>\n\t\t\t\t<\/div>\n\t\t\t\t<div class=\"elementor-element elementor-element-6822226 elementor-widget elementor-widget-text-editor\" data-id=\"6822226\" data-element_type=\"widget\" data-e-type=\"widget\" data-widget_type=\"text-editor.default\">\n\t\t\t\t<div class=\"elementor-widget-container\">\n\t\t\t\t\t\t\t\t\tVi integrerer globalt IT-talent direkte i dit team, hvilket sikrer en nem udvidelse af dine kompetencer. Vi tilbyder skalerbarhed, s\u00e5 dit team kan vokse i takt med dine behov. Vi hj\u00e6lper dig med at omdanne IT-omkostninger til innovation og konkurrencefordele.\t\t\t\t\t\t\t\t<\/div>\n\t\t\t\t<\/div>\n\t\t\t\t<\/div>\n\t\t<div class=\"elementor-element elementor-element-a8adc6b e-con-full e-flex e-con e-child\" data-id=\"a8adc6b\" data-element_type=\"container\" data-e-type=\"container\">\n\t\t\t\t<div class=\"elementor-element elementor-element-0556a38 elementor-widget elementor-widget-heading\" data-id=\"0556a38\" data-element_type=\"widget\" data-e-type=\"widget\" data-widget_type=\"heading.default\">\n\t\t\t\t<div class=\"elementor-widget-container\">\n\t\t\t\t\t<h3 class=\"elementor-heading-title elementor-size-default\">Vores engagement<\/h3>\t\t\t\t<\/div>\n\t\t\t\t<\/div>\n\t\t\t\t<div class=\"elementor-element elementor-element-d1ba30f elementor-widget elementor-widget-text-editor\" data-id=\"d1ba30f\" data-element_type=\"widget\" data-e-type=\"widget\" data-widget_type=\"text-editor.default\">\n\t\t\t\t<div class=\"elementor-widget-container\">\n\t\t\t\t\t\t\t\t\tVores grundl\u00e6gger og direkt\u00f8r bringer over 15 \u00e5rs praktisk erfaring med IT, outsourcing og offshoring samt dyb indsigt i de dynamiske markeder i Asien. Hans vision er at g\u00f8re offshoring tilg\u00e6ngelig for alle typer virksomheder, med en personlig tilgang og en dyb forst\u00e5else for kulturel diversitet.\n\n\t\t\t\t\t\t\t\t<\/div>\n\t\t\t\t<\/div>\n\t\t\t\t<\/div>\n\t\t\t\t<\/div>\n\t\t\t\t\t<\/div>\n\t\t\t\t<\/div>\n\t\t<div class=\"elementor-element elementor-element-8620855 e-flex e-con-boxed e-con e-parent\" data-id=\"8620855\" data-element_type=\"container\" data-e-type=\"container\" data-settings=\"{&quot;background_background&quot;:&quot;classic&quot;,&quot;shape_divider_top&quot;:&quot;arrow&quot;}\">\n\t\t\t\t\t<div class=\"e-con-inner\">\n\t\t\t\t<div class=\"elementor-shape elementor-shape-top\" aria-hidden=\"true\" data-negative=\"false\">\n\t\t\t<svg xmlns=\"http:\/\/www.w3.org\/2000\/svg\" viewbox=\"0 0 700 10\" preserveaspectratio=\"none\">\n\t<path class=\"elementor-shape-fill\" d=\"M350,10L340,0h20L350,10z\"\/>\n<\/svg>\t\t<\/div>\n\t\t\t\t<div class=\"elementor-element elementor-element-cf94273 elementor-invisible elementor-widget elementor-widget-heading\" data-id=\"cf94273\" data-element_type=\"widget\" data-e-type=\"widget\" data-settings=\"{&quot;_animation&quot;:&quot;fadeInUp&quot;}\" data-widget_type=\"heading.default\">\n\t\t\t\t<div class=\"elementor-widget-container\">\n\t\t\t\t\t<h2 class=\"elementor-heading-title elementor-size-default\">Klar til at skabe forandring?<\/h2>\t\t\t\t<\/div>\n\t\t\t\t<\/div>\n\t\t\t\t<div class=\"elementor-element elementor-element-4be53e0 elementor-invisible elementor-widget elementor-widget-text-editor\" data-id=\"4be53e0\" data-element_type=\"widget\" data-e-type=\"widget\" data-settings=\"{&quot;_animation&quot;:&quot;fadeInUp&quot;}\" data-widget_type=\"text-editor.default\">\n\t\t\t\t<div class=\"elementor-widget-container\">\n\t\t\t\t\t\t\t\t\tEr du klar til at omdanne dine IT-investeringer til konkret v\u00e6kst? Vi tilbyder en gratis indledende analyse \u2013 det koster kun en kop kaffe. Lad os sammen udforske, hvordan vi kan l\u00f8fte din virksomhed til nye h\u00f8jder.\n\n\n\n\n\n\n\t\t\t\t\t\t\t\t<\/div>\n\t\t\t\t<\/div>\n\t\t<div class=\"elementor-element elementor-element-903d6e2 e-con-full e-flex elementor-invisible e-con e-child\" data-id=\"903d6e2\" data-element_type=\"container\" data-e-type=\"container\" data-settings=\"{&quot;animation&quot;:&quot;fadeIn&quot;}\">\n\t\t\t\t<div class=\"elementor-element elementor-element-5aa576b elementor-mobile-align-justify elementor-widget-mobile__width-inherit elementor-widget elementor-widget-button\" data-id=\"5aa576b\" data-element_type=\"widget\" data-e-type=\"widget\" data-widget_type=\"button.default\">\n\t\t\t\t<div class=\"elementor-widget-container\">\n\t\t\t\t\t\t\t\t\t<div class=\"elementor-button-wrapper\">\n\t\t\t\t\t<a class=\"elementor-button elementor-button-link elementor-size-sm elementor-animation-shrink\" href=\"https:\/\/malayo.dk\/da\/kontakt\/\">\n\t\t\t\t\t\t<span class=\"elementor-button-content-wrapper\">\n\t\t\t\t\t\t\t\t\t<span class=\"elementor-button-text\">Kontakt os<\/span>\n\t\t\t\t\t<\/span>\n\t\t\t\t\t<\/a>\n\t\t\t\t<\/div>\n\t\t\t\t\t\t\t\t<\/div>\n\t\t\t\t<\/div>\n\t\t\t\t<\/div>\n\t\t\t\t\t<\/div>\n\t\t\t\t<\/div>\n\t\t\t\t<\/div>","protected":false},"excerpt":{"rendered":"<p>Partnerskab der skaber v\u00e6kst gennem IT-offshoring Hos Malayo tror vi p\u00e5 partnerskab. Vores mission er at tilbyde offshoring-l\u00f8sninger, der omdanner IT-omkostninger til strategisk v\u00e6kst. Vi giver dig en omkostningseffektiv m\u00e5de at udvide dit team med dygtige IT-specialister, som vi rekrutterer og integrerer direkte i dine projekter. Dette sikrer, at dine IT-investeringer bliver en integreret del [&hellip;]<\/p>\n","protected":false},"author":1,"featured_media":0,"parent":0,"menu_order":0,"comment_status":"closed","ping_status":"closed","template":"","meta":{"footnotes":""},"class_list":["post-1064","page","type-page","status-publish","hentry"],"yoast_head":"<!-- This site is optimized with the Yoast SEO plugin v27.5 - https:\/\/yoast.com\/product\/yoast-seo-wordpress\/ -->\n<title>Om Malayo<\/title>\n<meta name=\"description\" content=\"Hos Malayo tror vi p\u00e5 partnerskab. Vores mission er at tilbyde offshoring-l\u00f8sninger, der omdanner IT-omkostninger til strategisk v\u00e6kst.\" \/>\n<meta name=\"robots\" content=\"index, follow, max-snippet:-1, max-image-preview:large, max-video-preview:-1\" \/>\n<link rel=\"canonical\" href=\"https:\/\/malayo.dk\/da\/om-os\/\" \/>\n<meta property=\"og:locale\" content=\"da_DK\" \/>\n<meta property=\"og:type\" content=\"article\" \/>\n<meta property=\"og:title\" content=\"Om Malayo\" \/>\n<meta property=\"og:description\" content=\"Hos Malayo tror vi p\u00e5 partnerskab. Vores mission er at tilbyde offshoring-l\u00f8sninger, der omdanner IT-omkostninger til strategisk v\u00e6kst.\" \/>\n<meta property=\"og:url\" content=\"https:\/\/malayo.dk\/da\/om-os\/\" \/>\n<meta property=\"og:site_name\" content=\"Malayo\" \/>\n<meta property=\"article:modified_time\" content=\"2025-06-04T09:03:25+00:00\" \/>\n<meta name=\"twitter:card\" content=\"summary_large_image\" \/>\n<meta name=\"twitter:label1\" content=\"Estimeret l\u00e6setid\" \/>\n\t<meta name=\"twitter:data1\" content=\"2 minutter\" \/>\n<script type=\"application\/ld+json\" class=\"yoast-schema-graph\">{\"@context\":\"https:\\\/\\\/schema.org\",\"@graph\":[{\"@type\":\"WebPage\",\"@id\":\"https:\\\/\\\/malayo.dk\\\/om-os\\\/\",\"url\":\"https:\\\/\\\/malayo.dk\\\/om-os\\\/\",\"name\":\"Om Malayo\",\"isPartOf\":{\"@id\":\"https:\\\/\\\/malayo.dk\\\/#website\"},\"datePublished\":\"2023-11-01T13:31:15+00:00\",\"dateModified\":\"2025-06-04T09:03:25+00:00\",\"description\":\"Hos Malayo tror vi p\u00e5 partnerskab. Vores mission er at tilbyde offshoring-l\u00f8sninger, der omdanner IT-omkostninger til strategisk v\u00e6kst.\",\"inLanguage\":\"da-DK\",\"potentialAction\":[{\"@type\":\"ReadAction\",\"target\":[\"https:\\\/\\\/malayo.dk\\\/om-os\\\/\"]}]},{\"@type\":\"WebSite\",\"@id\":\"https:\\\/\\\/malayo.dk\\\/#website\",\"url\":\"https:\\\/\\\/malayo.dk\\\/\",\"name\":\"Malayo\",\"description\":\"\",\"publisher\":{\"@id\":\"https:\\\/\\\/malayo.dk\\\/#organization\"},\"potentialAction\":[{\"@type\":\"SearchAction\",\"target\":{\"@type\":\"EntryPoint\",\"urlTemplate\":\"https:\\\/\\\/malayo.dk\\\/?s={search_term_string}\"},\"query-input\":{\"@type\":\"PropertyValueSpecification\",\"valueRequired\":true,\"valueName\":\"search_term_string\"}}],\"inLanguage\":\"da-DK\"},{\"@type\":\"Organization\",\"@id\":\"https:\\\/\\\/malayo.dk\\\/#organization\",\"name\":\"Malayo\",\"url\":\"https:\\\/\\\/malayo.dk\\\/\",\"logo\":{\"@type\":\"ImageObject\",\"inLanguage\":\"da-DK\",\"@id\":\"https:\\\/\\\/malayo.dk\\\/#\\\/schema\\\/logo\\\/image\\\/\",\"url\":\"https:\\\/\\\/malayo.dk\\\/wp-content\\\/uploads\\\/MalayoMainLogo.png\",\"contentUrl\":\"https:\\\/\\\/malayo.dk\\\/wp-content\\\/uploads\\\/MalayoMainLogo.png\",\"width\":1672,\"height\":446,\"caption\":\"Malayo\"},\"image\":{\"@id\":\"https:\\\/\\\/malayo.dk\\\/#\\\/schema\\\/logo\\\/image\\\/\"}}]}<\/script>\n<!-- \/ Yoast SEO plugin. -->","yoast_head_json":{"title":"Om Malayo","description":"Hos Malayo tror vi p\u00e5 partnerskab. Vores mission er at tilbyde offshoring-l\u00f8sninger, der omdanner IT-omkostninger til strategisk v\u00e6kst.","robots":{"index":"index","follow":"follow","max-snippet":"max-snippet:-1","max-image-preview":"max-image-preview:large","max-video-preview":"max-video-preview:-1"},"canonical":"https:\/\/malayo.dk\/da\/om-os\/","og_locale":"da_DK","og_type":"article","og_title":"Om Malayo","og_description":"Hos Malayo tror vi p\u00e5 partnerskab. Vores mission er at tilbyde offshoring-l\u00f8sninger, der omdanner IT-omkostninger til strategisk v\u00e6kst.","og_url":"https:\/\/malayo.dk\/da\/om-os\/","og_site_name":"Malayo","article_modified_time":"2025-06-04T09:03:25+00:00","twitter_card":"summary_large_image","twitter_misc":{"Estimeret l\u00e6setid":"2 minutter"},"schema":{"@context":"https:\/\/schema.org","@graph":[{"@type":"WebPage","@id":"https:\/\/malayo.dk\/om-os\/","url":"https:\/\/malayo.dk\/om-os\/","name":"Om Malayo","isPartOf":{"@id":"https:\/\/malayo.dk\/#website"},"datePublished":"2023-11-01T13:31:15+00:00","dateModified":"2025-06-04T09:03:25+00:00","description":"Hos Malayo tror vi p\u00e5 partnerskab. Vores mission er at tilbyde offshoring-l\u00f8sninger, der omdanner IT-omkostninger til strategisk v\u00e6kst.","inLanguage":"da-DK","potentialAction":[{"@type":"ReadAction","target":["https:\/\/malayo.dk\/om-os\/"]}]},{"@type":"WebSite","@id":"https:\/\/malayo.dk\/#website","url":"https:\/\/malayo.dk\/","name":"Malayo","description":"","publisher":{"@id":"https:\/\/malayo.dk\/#organization"},"potentialAction":[{"@type":"SearchAction","target":{"@type":"EntryPoint","urlTemplate":"https:\/\/malayo.dk\/?s={search_term_string}"},"query-input":{"@type":"PropertyValueSpecification","valueRequired":true,"valueName":"search_term_string"}}],"inLanguage":"da-DK"},{"@type":"Organization","@id":"https:\/\/malayo.dk\/#organization","name":"Malayo","url":"https:\/\/malayo.dk\/","logo":{"@type":"ImageObject","inLanguage":"da-DK","@id":"https:\/\/malayo.dk\/#\/schema\/logo\/image\/","url":"https:\/\/malayo.dk\/wp-content\/uploads\/MalayoMainLogo.png","contentUrl":"https:\/\/malayo.dk\/wp-content\/uploads\/MalayoMainLogo.png","width":1672,"height":446,"caption":"Malayo"},"image":{"@id":"https:\/\/malayo.dk\/#\/schema\/logo\/image\/"}}]}},"_links":{"self":[{"href":"https:\/\/malayo.dk\/da\/wp-json\/wp\/v2\/pages\/1064","targetHints":{"allow":["GET"]}}],"collection":[{"href":"https:\/\/malayo.dk\/da\/wp-json\/wp\/v2\/pages"}],"about":[{"href":"https:\/\/malayo.dk\/da\/wp-json\/wp\/v2\/types\/page"}],"author":[{"embeddable":true,"href":"https:\/\/malayo.dk\/da\/wp-json\/wp\/v2\/users\/1"}],"replies":[{"embeddable":true,"href":"https:\/\/malayo.dk\/da\/wp-json\/wp\/v2\/comments?post=1064"}],"version-history":[{"count":20,"href":"https:\/\/malayo.dk\/da\/wp-json\/wp\/v2\/pages\/1064\/revisions"}],"predecessor-version":[{"id":2439,"href":"https:\/\/malayo.dk\/da\/wp-json\/wp\/v2\/pages\/1064\/revisions\/2439"}],"wp:attachment":[{"href":"https:\/\/malayo.dk\/da\/wp-json\/wp\/v2\/media?parent=1064"}],"curies":[{"name":"wp","href":"https:\/\/api.w.org\/{rel}","templated":true}]}}