{"id":1088,"date":"2023-11-01T14:31:17","date_gmt":"2023-11-01T13:31:17","guid":{"rendered":"https:\/\/malayo.dk\/kontakt\/"},"modified":"2025-12-11T09:12:32","modified_gmt":"2025-12-11T08:12:32","slug":"kontakt","status":"publish","type":"page","link":"https:\/\/malayo.dk\/da\/kontakt\/","title":{"rendered":"Kontakt"},"content":{"rendered":"\t\t<div data-elementor-type=\"wp-post\" data-elementor-id=\"1088\" class=\"elementor elementor-1088\" data-elementor-post-type=\"page\">\n\t\t\t\t<div class=\"elementor-element elementor-element-ee287c9 e-flex e-con-boxed e-con e-parent\" data-id=\"ee287c9\" data-element_type=\"container\" data-e-type=\"container\" data-settings=\"{&quot;background_background&quot;:&quot;classic&quot;,&quot;shape_divider_bottom&quot;:&quot;curve&quot;,&quot;shape_divider_bottom_negative&quot;:&quot;yes&quot;}\">\n\t\t\t\t\t<div class=\"e-con-inner\">\n\t\t\t\t<div class=\"elementor-shape elementor-shape-bottom\" aria-hidden=\"true\" data-negative=\"true\">\n\t\t\t<svg xmlns=\"http:\/\/www.w3.org\/2000\/svg\" viewBox=\"0 0 1000 100\" preserveAspectRatio=\"none\">\n\t<path class=\"elementor-shape-fill\" d=\"M500,97C126.7,96.3,0.8,19.8,0,0v100l1000,0V1C1000,19.4,873.3,97.8,500,97z\"\/>\n<\/svg>\t\t<\/div>\n\t\t<div class=\"elementor-element elementor-element-af62b2e e-con-full e-flex e-con e-child\" data-id=\"af62b2e\" data-element_type=\"container\" data-e-type=\"container\">\n\t\t\t\t<\/div>\n\t\t\t\t\t<\/div>\n\t\t\t\t<\/div>\n\t\t<div class=\"elementor-element elementor-element-3a38858f e-flex e-con-boxed e-con e-parent\" data-id=\"3a38858f\" data-element_type=\"container\" data-e-type=\"container\" data-settings=\"{&quot;background_background&quot;:&quot;classic&quot;}\">\n\t\t\t\t\t<div class=\"e-con-inner\">\n\t\t<div class=\"elementor-element elementor-element-558db126 e-con-full e-flex e-con e-child\" data-id=\"558db126\" data-element_type=\"container\" data-e-type=\"container\" data-settings=\"{&quot;background_background&quot;:&quot;classic&quot;}\">\n\t\t\t\t<div class=\"elementor-element elementor-element-1cc8765 elementor-widget elementor-widget-image\" data-id=\"1cc8765\" data-element_type=\"widget\" data-e-type=\"widget\" data-widget_type=\"image.default\">\n\t\t\t\t<div class=\"elementor-widget-container\">\n\t\t\t\t\t\t\t\t\t\t\t\t\t\t\t<img fetchpriority=\"high\" decoding=\"async\" width=\"1920\" height=\"1440\" src=\"https:\/\/malayo.dk\/wp-content\/uploads\/IMG_7360.webp\" class=\"attachment-full size-full wp-image-2205\" alt=\"\" srcset=\"https:\/\/malayo.dk\/wp-content\/uploads\/IMG_7360.webp 1920w, https:\/\/malayo.dk\/wp-content\/uploads\/IMG_7360-300x225.webp 300w, https:\/\/malayo.dk\/wp-content\/uploads\/IMG_7360-1024x768.webp 1024w, https:\/\/malayo.dk\/wp-content\/uploads\/IMG_7360-768x576.webp 768w, https:\/\/malayo.dk\/wp-content\/uploads\/IMG_7360-1536x1152.webp 1536w\" sizes=\"(max-width: 1920px) 100vw, 1920px\" \/>\t\t\t\t\t\t\t\t\t\t\t\t\t\t\t<\/div>\n\t\t\t\t<\/div>\n\t\t<div class=\"elementor-element elementor-element-ff9b096 e-con-full e-flex e-con e-child\" data-id=\"ff9b096\" data-element_type=\"container\" data-e-type=\"container\">\n\t\t<div class=\"elementor-element elementor-element-06e5ea9 e-con-full e-flex e-con e-child\" data-id=\"06e5ea9\" data-element_type=\"container\" data-e-type=\"container\">\n\t\t\t\t<div class=\"elementor-element elementor-element-63c6212 elementor-widget elementor-widget-heading\" data-id=\"63c6212\" data-element_type=\"widget\" data-e-type=\"widget\" data-widget_type=\"heading.default\">\n\t\t\t\t<div class=\"elementor-widget-container\">\n\t\t\t\t\t<h6 class=\"elementor-heading-title elementor-size-default\">CEO<\/h6>\t\t\t\t<\/div>\n\t\t\t\t<\/div>\n\t\t\t\t<div class=\"elementor-element elementor-element-b7fb1f5 elementor-widget elementor-widget-heading\" data-id=\"b7fb1f5\" data-element_type=\"widget\" data-e-type=\"widget\" data-widget_type=\"heading.default\">\n\t\t\t\t<div class=\"elementor-widget-container\">\n\t\t\t\t\t<h4 class=\"elementor-heading-title elementor-size-default\">Morten Skov<\/h4>\t\t\t\t<\/div>\n\t\t\t\t<\/div>\n\t\t\t\t<\/div>\n\t\t\t\t<div class=\"elementor-element elementor-element-02745c8 elementor-widget elementor-widget-text-editor\" data-id=\"02745c8\" data-element_type=\"widget\" data-e-type=\"widget\" data-widget_type=\"text-editor.default\">\n\t\t\t\t<div class=\"elementor-widget-container\">\n\t\t\t\t\t\t\t\t\tBook et m\u00f8de med vores CEO Morten p\u00e5 knappen herunder.\t\t\t\t\t\t\t\t<\/div>\n\t\t\t\t<\/div>\n\t\t\t\t<div class=\"elementor-element elementor-element-92bcdbc elementor-mobile-align-justify elementor-widget-mobile__width-inherit elementor-align-justify elementor-widget elementor-widget-button\" data-id=\"92bcdbc\" data-element_type=\"widget\" data-e-type=\"widget\" data-widget_type=\"button.default\">\n\t\t\t\t<div class=\"elementor-widget-container\">\n\t\t\t\t\t\t\t\t\t<div class=\"elementor-button-wrapper\">\n\t\t\t\t\t<a class=\"elementor-button elementor-button-link elementor-size-sm elementor-animation-shrink\" href=\"https:\/\/calendly.com\/morten-malayo\" target=\"_blank\">\n\t\t\t\t\t\t<span class=\"elementor-button-content-wrapper\">\n\t\t\t\t\t\t\t\t\t<span class=\"elementor-button-text\">Book et m\u00f8de<\/span>\n\t\t\t\t\t<\/span>\n\t\t\t\t\t<\/a>\n\t\t\t\t<\/div>\n\t\t\t\t\t\t\t\t<\/div>\n\t\t\t\t<\/div>\n\t\t\t\t<\/div>\n\t\t\t\t<\/div>\n\t\t<div class=\"elementor-element elementor-element-7870ffe6 e-con-full e-flex e-con e-child\" data-id=\"7870ffe6\" data-element_type=\"container\" data-e-type=\"container\">\n\t\t\t\t<div class=\"elementor-element elementor-element-65060986 elementor-widget elementor-widget-heading\" data-id=\"65060986\" data-element_type=\"widget\" data-e-type=\"widget\" data-widget_type=\"heading.default\">\n\t\t\t\t<div class=\"elementor-widget-container\">\n\t\t\t\t\t<h2 class=\"elementor-heading-title elementor-size-default\">Klar til at optimere din forretning?<\/h2>\t\t\t\t<\/div>\n\t\t\t\t<\/div>\n\t\t\t\t<div class=\"elementor-element elementor-element-09c3a70 elementor-widget elementor-widget-text-editor\" data-id=\"09c3a70\" data-element_type=\"widget\" data-e-type=\"widget\" data-widget_type=\"text-editor.default\">\n\t\t\t\t<div class=\"elementor-widget-container\">\n\t\t\t\t\t\t\t\t\t<p>Er du klar til at se, hvordan vi kan optimere din forretning? Inviter os p\u00e5 en kop kaffe, og vi giver en gratis indledende analyse, der viser, hvordan offshoring, outstaffing og outsourcing kan gavne dig.<\/p>\t\t\t\t\t\t\t\t<\/div>\n\t\t\t\t<\/div>\n\t\t<div class=\"elementor-element elementor-element-5f8cdaf e-con-full e-flex e-con e-child\" data-id=\"5f8cdaf\" data-element_type=\"container\" data-e-type=\"container\">\n\t\t<div class=\"elementor-element elementor-element-06f01ee e-con-full e-flex e-con e-child\" data-id=\"06f01ee\" data-element_type=\"container\" data-e-type=\"container\">\n\t\t\t\t<div class=\"elementor-element elementor-element-3647b4c elementor-widget elementor-widget-heading\" data-id=\"3647b4c\" data-element_type=\"widget\" data-e-type=\"widget\" data-widget_type=\"heading.default\">\n\t\t\t\t<div class=\"elementor-widget-container\">\n\t\t\t\t\t<h5 class=\"elementor-heading-title elementor-size-default\">Telefon<\/h5>\t\t\t\t<\/div>\n\t\t\t\t<\/div>\n\t\t\t\t<div class=\"elementor-element elementor-element-c303f90 elementor-widget elementor-widget-heading\" data-id=\"c303f90\" data-element_type=\"widget\" data-e-type=\"widget\" data-widget_type=\"heading.default\">\n\t\t\t\t<div class=\"elementor-widget-container\">\n\t\t\t\t\t<p class=\"elementor-heading-title elementor-size-default\"><a href=\"tel:+45%2073707385\">+45 73 70 73 85<\/a><\/p>\t\t\t\t<\/div>\n\t\t\t\t<\/div>\n\t\t\t\t<\/div>\n\t\t<div class=\"elementor-element elementor-element-a5a8a35 e-con-full e-flex e-con e-child\" data-id=\"a5a8a35\" data-element_type=\"container\" data-e-type=\"container\">\n\t\t\t\t<div class=\"elementor-element elementor-element-25cae09 elementor-widget elementor-widget-heading\" data-id=\"25cae09\" data-element_type=\"widget\" data-e-type=\"widget\" data-widget_type=\"heading.default\">\n\t\t\t\t<div class=\"elementor-widget-container\">\n\t\t\t\t\t<h5 class=\"elementor-heading-title elementor-size-default\">Mail<\/h5>\t\t\t\t<\/div>\n\t\t\t\t<\/div>\n\t\t\t\t<div class=\"elementor-element elementor-element-a662884 elementor-widget elementor-widget-heading\" data-id=\"a662884\" data-element_type=\"widget\" data-e-type=\"widget\" data-widget_type=\"heading.default\">\n\t\t\t\t<div class=\"elementor-widget-container\">\n\t\t\t\t\t<p class=\"elementor-heading-title elementor-size-default\"><a href=\"mailto:contact@malayo.dk\">contact@malayo.dk<\/a><\/p>\t\t\t\t<\/div>\n\t\t\t\t<\/div>\n\t\t\t\t<\/div>\n\t\t\t\t<\/div>\n\t\t\t\t<div class=\"elementor-element elementor-element-53ae5570 elementor-mobile-button-align-stretch elementor-tablet-button-align-stretch elementor-button-align-stretch elementor-widget elementor-widget-form\" data-id=\"53ae5570\" data-element_type=\"widget\" data-e-type=\"widget\" data-settings=\"{&quot;step_next_label&quot;:&quot;N\\u00e6ste&quot;,&quot;step_previous_label&quot;:&quot;Tidligere&quot;,&quot;button_width&quot;:&quot;100&quot;,&quot;step_type&quot;:&quot;number_text&quot;,&quot;step_icon_shape&quot;:&quot;circle&quot;}\" data-widget_type=\"form.default\">\n\t\t\t\t<div class=\"elementor-widget-container\">\n\t\t\t\t\t\t\t<form class=\"elementor-form\" method=\"post\" name=\"Ny formular\" aria-label=\"Ny formular\">\n\t\t\t<input type=\"hidden\" name=\"post_id\" value=\"1088\"\/>\n\t\t\t<input type=\"hidden\" name=\"form_id\" value=\"53ae5570\"\/>\n\t\t\t<input type=\"hidden\" name=\"referer_title\" value=\"Malayo\" \/>\n\n\t\t\t\n\t\t\t<div class=\"elementor-form-fields-wrapper elementor-labels-\">\n\t\t\t\t\t\t\t\t<div class=\"elementor-field-type-text elementor-field-group elementor-column elementor-field-group-name elementor-col-100\">\n\t\t\t\t\t\t\t\t\t\t\t\t<label for=\"form-field-name\" class=\"elementor-field-label elementor-screen-only\">\n\t\t\t\t\t\t\t\tNavn\t\t\t\t\t\t\t<\/label>\n\t\t\t\t\t\t\t\t\t\t\t\t\t\t<input size=\"1\" type=\"text\" name=\"form_fields[name]\" id=\"form-field-name\" class=\"elementor-field elementor-size-sm  elementor-field-textual\" placeholder=\"Navn\">\n\t\t\t\t\t\t\t\t\t\t\t<\/div>\n\t\t\t\t\t\t\t\t<div class=\"elementor-field-type-email elementor-field-group elementor-column elementor-field-group-email elementor-col-100 elementor-field-required\">\n\t\t\t\t\t\t\t\t\t\t\t\t<label for=\"form-field-email\" class=\"elementor-field-label elementor-screen-only\">\n\t\t\t\t\t\t\t\tE-mail\t\t\t\t\t\t\t<\/label>\n\t\t\t\t\t\t\t\t\t\t\t\t\t\t<input size=\"1\" type=\"email\" name=\"form_fields[email]\" id=\"form-field-email\" class=\"elementor-field elementor-size-sm  elementor-field-textual\" placeholder=\"E-mail\" required=\"required\">\n\t\t\t\t\t\t\t\t\t\t\t<\/div>\n\t\t\t\t\t\t\t\t<div class=\"elementor-field-type-tel elementor-field-group elementor-column elementor-field-group-phone elementor-col-100 elementor-field-required\">\n\t\t\t\t\t\t\t\t\t\t\t\t<label for=\"form-field-phone\" class=\"elementor-field-label elementor-screen-only\">\n\t\t\t\t\t\t\t\tTelefon\t\t\t\t\t\t\t<\/label>\n\t\t\t\t\t\t\t\t<input size=\"1\" type=\"tel\" name=\"form_fields[phone]\" id=\"form-field-phone\" class=\"elementor-field elementor-size-sm  elementor-field-textual\" placeholder=\"Telefon\" required=\"required\" pattern=\"[0-9()#&amp;+*-=.]+\" title=\"Kun tal og telefonkarakterer (#,-,*, o.s.v.) accepteres.\">\n\n\t\t\t\t\t\t<\/div>\n\t\t\t\t\t\t\t\t<div class=\"elementor-field-type-textarea elementor-field-group elementor-column elementor-field-group-message elementor-col-100\">\n\t\t\t\t\t\t\t\t\t\t\t\t<label for=\"form-field-message\" class=\"elementor-field-label elementor-screen-only\">\n\t\t\t\t\t\t\t\tMeddelelse\t\t\t\t\t\t\t<\/label>\n\t\t\t\t\t\t<textarea class=\"elementor-field-textual elementor-field  elementor-size-sm\" name=\"form_fields[message]\" id=\"form-field-message\" rows=\"4\" placeholder=\"Meddelelse\"><\/textarea>\t\t\t\t<\/div>\n\t\t\t\t\t\t\t\t<div class=\"elementor-field-type-recaptcha_v3 elementor-field-group elementor-column elementor-field-group-field_983f6c2 elementor-col-100 recaptcha_v3-bottomright\">\n\t\t\t\t\t<div class=\"elementor-field\" id=\"form-field-field_983f6c2\"><div class=\"elementor-g-recaptcha\" data-sitekey=\"6LfTJ9cqAAAAAJ2-Wv6IxB11H0KckLoZorkQQntR\" data-type=\"v3\" data-action=\"Form\" data-badge=\"bottomright\" data-size=\"invisible\"><\/div><\/div>\t\t\t\t<\/div>\n\t\t\t\t\t\t\t\t<div class=\"elementor-field-group elementor-column elementor-field-type-submit elementor-col-100 e-form__buttons\">\n\t\t\t\t\t<button class=\"elementor-button elementor-size-sm\" type=\"submit\">\n\t\t\t\t\t\t<span class=\"elementor-button-content-wrapper\">\n\t\t\t\t\t\t\t\t\t\t\t\t\t\t\t\t\t\t\t\t\t\t<span class=\"elementor-button-text\">Send<\/span>\n\t\t\t\t\t\t\t\t\t\t\t\t\t<\/span>\n\t\t\t\t\t<\/button>\n\t\t\t\t<\/div>\n\t\t\t<\/div>\n\t\t<input\n                    class=\"apbct_special_field apbct_email_id__elementor_form\"\n                    name=\"apbct__email_id__elementor_form\"\n                    aria-label=\"apbct__label_id__elementor_form\"\n                    type=\"text\" size=\"30\" maxlength=\"200\" autocomplete=\"off\"\n                    value=\"\"\n                \/><\/form>\n\t\t\t\t\t\t<\/div>\n\t\t\t\t<\/div>\n\t\t\t\t<\/div>\n\t\t\t\t\t<\/div>\n\t\t\t\t<\/div>\n\t\t\t\t<\/div>\n\t\t","protected":false},"excerpt":{"rendered":"<p>CEO Morten Skov Book et m\u00f8de med vores CEO Morten p\u00e5 knappen herunder. Book et m\u00f8de Klar til at optimere din forretning? Er du klar til at se, hvordan vi kan optimere din forretning? Inviter os p\u00e5 en kop kaffe, og vi giver en gratis indledende analyse, der viser, hvordan offshoring, outstaffing og outsourcing kan [&hellip;]<\/p>\n","protected":false},"author":1,"featured_media":0,"parent":0,"menu_order":0,"comment_status":"closed","ping_status":"closed","template":"","meta":{"footnotes":""},"class_list":["post-1088","page","type-page","status-publish","hentry"],"yoast_head":"<!-- This site is optimized with the Yoast SEO plugin v27.5 - https:\/\/yoast.com\/product\/yoast-seo-wordpress\/ -->\n<title>Kontakt - Malayo<\/title>\n<meta name=\"robots\" content=\"index, follow, max-snippet:-1, max-image-preview:large, max-video-preview:-1\" \/>\n<link rel=\"canonical\" href=\"https:\/\/malayo.dk\/da\/kontakt\/\" \/>\n<meta property=\"og:locale\" content=\"da_DK\" \/>\n<meta property=\"og:type\" content=\"article\" \/>\n<meta property=\"og:title\" content=\"Kontakt - Malayo\" \/>\n<meta property=\"og:description\" content=\"CEO Morten Skov Book et m\u00f8de med vores CEO Morten p\u00e5 knappen herunder. Book et m\u00f8de Klar til at optimere din forretning? Er du klar til at se, hvordan vi kan optimere din forretning? Inviter os p\u00e5 en kop kaffe, og vi giver en gratis indledende analyse, der viser, hvordan offshoring, outstaffing og outsourcing kan [&hellip;]\" \/>\n<meta property=\"og:url\" content=\"https:\/\/malayo.dk\/da\/kontakt\/\" \/>\n<meta property=\"og:site_name\" content=\"Malayo\" \/>\n<meta property=\"article:modified_time\" content=\"2025-12-11T08:12:32+00:00\" \/>\n<meta property=\"og:image\" content=\"https:\/\/malayo.dk\/wp-content\/uploads\/IMG_7360.webp\" \/>\n\t<meta property=\"og:image:width\" content=\"1920\" \/>\n\t<meta property=\"og:image:height\" content=\"1440\" \/>\n\t<meta property=\"og:image:type\" content=\"image\/webp\" \/>\n<meta name=\"twitter:card\" content=\"summary_large_image\" \/>\n<meta name=\"twitter:label1\" content=\"Estimeret l\u00e6setid\" \/>\n\t<meta name=\"twitter:data1\" content=\"1 minut\" \/>\n<script type=\"application\/ld+json\" class=\"yoast-schema-graph\">{\"@context\":\"https:\\\/\\\/schema.org\",\"@graph\":[{\"@type\":\"WebPage\",\"@id\":\"https:\\\/\\\/malayo.dk\\\/kontakt\\\/\",\"url\":\"https:\\\/\\\/malayo.dk\\\/kontakt\\\/\",\"name\":\"Kontakt - Malayo\",\"isPartOf\":{\"@id\":\"https:\\\/\\\/malayo.dk\\\/#website\"},\"primaryImageOfPage\":{\"@id\":\"https:\\\/\\\/malayo.dk\\\/kontakt\\\/#primaryimage\"},\"image\":{\"@id\":\"https:\\\/\\\/malayo.dk\\\/kontakt\\\/#primaryimage\"},\"thumbnailUrl\":\"https:\\\/\\\/malayo.dk\\\/wp-content\\\/uploads\\\/IMG_7360.webp\",\"datePublished\":\"2023-11-01T13:31:17+00:00\",\"dateModified\":\"2025-12-11T08:12:32+00:00\",\"inLanguage\":\"da-DK\",\"potentialAction\":[{\"@type\":\"ReadAction\",\"target\":[\"https:\\\/\\\/malayo.dk\\\/kontakt\\\/\"]}]},{\"@type\":\"ImageObject\",\"inLanguage\":\"da-DK\",\"@id\":\"https:\\\/\\\/malayo.dk\\\/kontakt\\\/#primaryimage\",\"url\":\"https:\\\/\\\/malayo.dk\\\/wp-content\\\/uploads\\\/IMG_7360.webp\",\"contentUrl\":\"https:\\\/\\\/malayo.dk\\\/wp-content\\\/uploads\\\/IMG_7360.webp\"},{\"@type\":\"WebSite\",\"@id\":\"https:\\\/\\\/malayo.dk\\\/#website\",\"url\":\"https:\\\/\\\/malayo.dk\\\/\",\"name\":\"Malayo\",\"description\":\"\",\"publisher\":{\"@id\":\"https:\\\/\\\/malayo.dk\\\/#organization\"},\"potentialAction\":[{\"@type\":\"SearchAction\",\"target\":{\"@type\":\"EntryPoint\",\"urlTemplate\":\"https:\\\/\\\/malayo.dk\\\/?s={search_term_string}\"},\"query-input\":{\"@type\":\"PropertyValueSpecification\",\"valueRequired\":true,\"valueName\":\"search_term_string\"}}],\"inLanguage\":\"da-DK\"},{\"@type\":\"Organization\",\"@id\":\"https:\\\/\\\/malayo.dk\\\/#organization\",\"name\":\"Malayo\",\"url\":\"https:\\\/\\\/malayo.dk\\\/\",\"logo\":{\"@type\":\"ImageObject\",\"inLanguage\":\"da-DK\",\"@id\":\"https:\\\/\\\/malayo.dk\\\/#\\\/schema\\\/logo\\\/image\\\/\",\"url\":\"https:\\\/\\\/malayo.dk\\\/wp-content\\\/uploads\\\/MalayoMainLogo.png\",\"contentUrl\":\"https:\\\/\\\/malayo.dk\\\/wp-content\\\/uploads\\\/MalayoMainLogo.png\",\"width\":1672,\"height\":446,\"caption\":\"Malayo\"},\"image\":{\"@id\":\"https:\\\/\\\/malayo.dk\\\/#\\\/schema\\\/logo\\\/image\\\/\"}}]}<\/script>\n<!-- \/ Yoast SEO plugin. -->","yoast_head_json":{"title":"Kontakt - Malayo","robots":{"index":"index","follow":"follow","max-snippet":"max-snippet:-1","max-image-preview":"max-image-preview:large","max-video-preview":"max-video-preview:-1"},"canonical":"https:\/\/malayo.dk\/da\/kontakt\/","og_locale":"da_DK","og_type":"article","og_title":"Kontakt - Malayo","og_description":"CEO Morten Skov Book et m\u00f8de med vores CEO Morten p\u00e5 knappen herunder. Book et m\u00f8de Klar til at optimere din forretning? Er du klar til at se, hvordan vi kan optimere din forretning? Inviter os p\u00e5 en kop kaffe, og vi giver en gratis indledende analyse, der viser, hvordan offshoring, outstaffing og outsourcing kan [&hellip;]","og_url":"https:\/\/malayo.dk\/da\/kontakt\/","og_site_name":"Malayo","article_modified_time":"2025-12-11T08:12:32+00:00","og_image":[{"width":1920,"height":1440,"url":"https:\/\/malayo.dk\/wp-content\/uploads\/IMG_7360.webp","type":"image\/webp"}],"twitter_card":"summary_large_image","twitter_misc":{"Estimeret l\u00e6setid":"1 minut"},"schema":{"@context":"https:\/\/schema.org","@graph":[{"@type":"WebPage","@id":"https:\/\/malayo.dk\/kontakt\/","url":"https:\/\/malayo.dk\/kontakt\/","name":"Kontakt - Malayo","isPartOf":{"@id":"https:\/\/malayo.dk\/#website"},"primaryImageOfPage":{"@id":"https:\/\/malayo.dk\/kontakt\/#primaryimage"},"image":{"@id":"https:\/\/malayo.dk\/kontakt\/#primaryimage"},"thumbnailUrl":"https:\/\/malayo.dk\/wp-content\/uploads\/IMG_7360.webp","datePublished":"2023-11-01T13:31:17+00:00","dateModified":"2025-12-11T08:12:32+00:00","inLanguage":"da-DK","potentialAction":[{"@type":"ReadAction","target":["https:\/\/malayo.dk\/kontakt\/"]}]},{"@type":"ImageObject","inLanguage":"da-DK","@id":"https:\/\/malayo.dk\/kontakt\/#primaryimage","url":"https:\/\/malayo.dk\/wp-content\/uploads\/IMG_7360.webp","contentUrl":"https:\/\/malayo.dk\/wp-content\/uploads\/IMG_7360.webp"},{"@type":"WebSite","@id":"https:\/\/malayo.dk\/#website","url":"https:\/\/malayo.dk\/","name":"Malayo","description":"","publisher":{"@id":"https:\/\/malayo.dk\/#organization"},"potentialAction":[{"@type":"SearchAction","target":{"@type":"EntryPoint","urlTemplate":"https:\/\/malayo.dk\/?s={search_term_string}"},"query-input":{"@type":"PropertyValueSpecification","valueRequired":true,"valueName":"search_term_string"}}],"inLanguage":"da-DK"},{"@type":"Organization","@id":"https:\/\/malayo.dk\/#organization","name":"Malayo","url":"https:\/\/malayo.dk\/","logo":{"@type":"ImageObject","inLanguage":"da-DK","@id":"https:\/\/malayo.dk\/#\/schema\/logo\/image\/","url":"https:\/\/malayo.dk\/wp-content\/uploads\/MalayoMainLogo.png","contentUrl":"https:\/\/malayo.dk\/wp-content\/uploads\/MalayoMainLogo.png","width":1672,"height":446,"caption":"Malayo"},"image":{"@id":"https:\/\/malayo.dk\/#\/schema\/logo\/image\/"}}]}},"_links":{"self":[{"href":"https:\/\/malayo.dk\/da\/wp-json\/wp\/v2\/pages\/1088","targetHints":{"allow":["GET"]}}],"collection":[{"href":"https:\/\/malayo.dk\/da\/wp-json\/wp\/v2\/pages"}],"about":[{"href":"https:\/\/malayo.dk\/da\/wp-json\/wp\/v2\/types\/page"}],"author":[{"embeddable":true,"href":"https:\/\/malayo.dk\/da\/wp-json\/wp\/v2\/users\/1"}],"replies":[{"embeddable":true,"href":"https:\/\/malayo.dk\/da\/wp-json\/wp\/v2\/comments?post=1088"}],"version-history":[{"count":20,"href":"https:\/\/malayo.dk\/da\/wp-json\/wp\/v2\/pages\/1088\/revisions"}],"predecessor-version":[{"id":3526,"href":"https:\/\/malayo.dk\/da\/wp-json\/wp\/v2\/pages\/1088\/revisions\/3526"}],"wp:attachment":[{"href":"https:\/\/malayo.dk\/da\/wp-json\/wp\/v2\/media?parent=1088"}],"curies":[{"name":"wp","href":"https:\/\/api.w.org\/{rel}","templated":true}]}}