{"id":1576,"date":"2024-11-06T14:16:22","date_gmt":"2024-11-06T13:16:22","guid":{"rendered":"https:\/\/malayo.dk\/?page_id=1576"},"modified":"2025-09-17T12:31:38","modified_gmt":"2025-09-17T10:31:38","slug":"specielt","status":"publish","type":"page","link":"https:\/\/malayo.dk\/da\/specielt\/","title":{"rendered":"Specielt"},"content":{"rendered":"<div data-elementor-type=\"wp-page\" data-elementor-id=\"1576\" class=\"elementor elementor-1576\" data-elementor-post-type=\"page\">\n\t\t\t\t<div class=\"elementor-element elementor-element-ea98369 e-flex e-con-boxed e-con e-parent\" data-id=\"ea98369\" data-element_type=\"container\" data-e-type=\"container\" data-settings=\"{&quot;background_background&quot;:&quot;classic&quot;,&quot;shape_divider_bottom&quot;:&quot;curve&quot;,&quot;shape_divider_bottom_negative&quot;:&quot;yes&quot;}\">\n\t\t\t\t\t<div class=\"e-con-inner\">\n\t\t\t\t<div class=\"elementor-shape elementor-shape-bottom\" aria-hidden=\"true\" data-negative=\"true\">\n\t\t\t<svg xmlns=\"http:\/\/www.w3.org\/2000\/svg\" viewbox=\"0 0 1000 100\" preserveaspectratio=\"none\">\n\t<path class=\"elementor-shape-fill\" d=\"M500,97C126.7,96.3,0.8,19.8,0,0v100l1000,0V1C1000,19.4,873.3,97.8,500,97z\"\/>\n<\/svg>\t\t<\/div>\n\t\t<div class=\"elementor-element elementor-element-793d519 e-con-full e-flex e-con e-child\" data-id=\"793d519\" data-element_type=\"container\" data-e-type=\"container\">\n\t\t\t\t<\/div>\n\t\t\t\t\t<\/div>\n\t\t\t\t<\/div>\n\t\t<div class=\"elementor-element elementor-element-91a40a2 e-flex e-con-boxed e-con e-parent\" data-id=\"91a40a2\" data-element_type=\"container\" data-e-type=\"container\" data-settings=\"{&quot;background_background&quot;:&quot;classic&quot;}\">\n\t\t\t\t\t<div class=\"e-con-inner\">\n\t\t<div class=\"elementor-element elementor-element-01821b9 e-con-full e-flex e-con e-child\" data-id=\"01821b9\" data-element_type=\"container\" data-e-type=\"container\" data-settings=\"{&quot;background_background&quot;:&quot;classic&quot;}\">\n\t\t<div class=\"elementor-element elementor-element-2d0aae0 e-con-full e-flex e-con e-child\" data-id=\"2d0aae0\" data-element_type=\"container\" data-e-type=\"container\">\n\t\t\t\t<div class=\"elementor-element elementor-element-facf961 elementor-widget elementor-widget-heading\" data-id=\"facf961\" data-element_type=\"widget\" data-e-type=\"widget\" data-widget_type=\"heading.default\">\n\t\t\t\t<div class=\"elementor-widget-container\">\n\t\t\t\t\t<h2 class=\"elementor-heading-title elementor-size-default\">Client team<\/h2>\t\t\t\t<\/div>\n\t\t\t\t<\/div>\n\t\t\t\t<div class=\"elementor-element elementor-element-8a33e7b elementor-widget elementor-widget-heading\" data-id=\"8a33e7b\" data-element_type=\"widget\" data-e-type=\"widget\" data-widget_type=\"heading.default\">\n\t\t\t\t<div class=\"elementor-widget-container\">\n\t\t\t\t\t<h4 class=\"elementor-heading-title elementor-size-default\">Build &amp; run your own team<\/h4>\t\t\t\t<\/div>\n\t\t\t\t<\/div>\n\t\t\t\t<\/div>\n\t\t\t\t<div class=\"elementor-element elementor-element-8c5fc25 elementor-widget-divider--view-line elementor-widget elementor-widget-divider\" data-id=\"8c5fc25\" data-element_type=\"widget\" data-e-type=\"widget\" data-widget_type=\"divider.default\">\n\t\t\t\t<div class=\"elementor-widget-container\">\n\t\t\t\t\t\t\t<div class=\"elementor-divider\">\n\t\t\t<span class=\"elementor-divider-separator\">\n\t\t\t\t\t\t<\/span>\n\t\t<\/div>\n\t\t\t\t\t\t<\/div>\n\t\t\t\t<\/div>\n\t\t\t\t<div class=\"elementor-element elementor-element-80d2617 bulletpoint-list elementor-widget elementor-widget-text-editor\" data-id=\"80d2617\" data-element_type=\"widget\" data-e-type=\"widget\" data-widget_type=\"text-editor.default\">\n\t\t\t\t<div class=\"elementor-widget-container\">\n\t\t\t\t\t\t\t\t\t<ul><li><strong>Beskrivelse:<\/strong> Kunden udv\u00e6lger og opbygger et dedikeret team til deres projekter.<\/li><li><strong>Klientens ansvar:<\/strong> St\u00e5r for den daglige drift af teamet, herunder direkte ledelse, opgavedelegering og performance-opf\u00f8lgning.<\/li><li><strong>Virksomhedens rolle:<\/strong> Malayo International h\u00e5ndterer lokal rekruttering, l\u00f8n og compliance \u2013 alle logistiske aspekter \u2013 s\u00e5 klienten kan fokusere udelukkende p\u00e5 teamledelse.<\/li><li><strong>Ideelt for:<\/strong> Klienter, der \u00f8nsker direkte tilsyn og kontrol over deres fjernteam.<\/li><\/ul>\t\t\t\t\t\t\t\t<\/div>\n\t\t\t\t<\/div>\n\t\t\t\t<\/div>\n\t\t<div class=\"elementor-element elementor-element-eb71f84 e-con-full e-flex e-con e-child\" data-id=\"eb71f84\" data-element_type=\"container\" data-e-type=\"container\" data-settings=\"{&quot;background_background&quot;:&quot;classic&quot;}\">\n\t\t<div class=\"elementor-element elementor-element-bde825a e-con-full e-flex e-con e-child\" data-id=\"bde825a\" data-element_type=\"container\" data-e-type=\"container\">\n\t\t\t\t<div class=\"elementor-element elementor-element-b16d95c elementor-widget elementor-widget-heading\" data-id=\"b16d95c\" data-element_type=\"widget\" data-e-type=\"widget\" data-widget_type=\"heading.default\">\n\t\t\t\t<div class=\"elementor-widget-container\">\n\t\t\t\t\t<h2 class=\"elementor-heading-title elementor-size-default\">Managed team model<\/h2>\t\t\t\t<\/div>\n\t\t\t\t<\/div>\n\t\t\t\t<div class=\"elementor-element elementor-element-ca7e438 elementor-widget elementor-widget-heading\" data-id=\"ca7e438\" data-element_type=\"widget\" data-e-type=\"widget\" data-widget_type=\"heading.default\">\n\t\t\t\t<div class=\"elementor-widget-container\">\n\t\t\t\t\t<h4 class=\"elementor-heading-title elementor-size-default\">Build your own team<\/h4>\t\t\t\t<\/div>\n\t\t\t\t<\/div>\n\t\t\t\t<\/div>\n\t\t\t\t<div class=\"elementor-element elementor-element-b4727d5 elementor-widget-divider--view-line elementor-widget elementor-widget-divider\" data-id=\"b4727d5\" data-element_type=\"widget\" data-e-type=\"widget\" data-widget_type=\"divider.default\">\n\t\t\t\t<div class=\"elementor-widget-container\">\n\t\t\t\t\t\t\t<div class=\"elementor-divider\">\n\t\t\t<span class=\"elementor-divider-separator\">\n\t\t\t\t\t\t<\/span>\n\t\t<\/div>\n\t\t\t\t\t\t<\/div>\n\t\t\t\t<\/div>\n\t\t\t\t<div class=\"elementor-element elementor-element-35e0ae3 bulletpoint-list elementor-widget elementor-widget-text-editor\" data-id=\"35e0ae3\" data-element_type=\"widget\" data-e-type=\"widget\" data-widget_type=\"text-editor.default\">\n\t\t\t\t<div class=\"elementor-widget-container\">\n\t\t\t\t\t\t\t\t\t<ul><li><strong>Beskrivelse:<\/strong> Kunden har et dedikeret team, men Malayo International varetager den daglige ledelse.<\/li><li><strong>Klientens ansvar:<\/strong> Tilknytter kun opgaver og projektm\u00e5l. Klienten har ikke ansvar for den daglige ledelse eller tilsyn.<\/li><li><strong>Virksomhedens rolle<\/strong>: Malayo International styrer teamet p\u00e5 kundens vegne, h\u00e5ndterer produktivitetsoverv\u00e5gning, dagligt tilsyn og sikrer, at projektm\u00e5lene overholdes. T\u00e6nk p\u00e5 Malayo International som din forl\u00e6ngede h\u00f8jre h\u00e5nd p\u00e5 stedet.<\/li><li><strong>Ideelt for:<\/strong> Klienter, der \u00f8nsker et fuldt engageret, fjernbaseret team, som integreres dybt i deres drift og foretr\u00e6kker en &#8220;hands-off&#8221; tilgang til den daglige teamledelse.<\/li><\/ul>\t\t\t\t\t\t\t\t<\/div>\n\t\t\t\t<\/div>\n\t\t\t\t<\/div>\n\t\t\t\t\t<\/div>\n\t\t\t\t<\/div>\n\t\t<div class=\"elementor-element elementor-element-1b818a8 e-flex e-con-boxed e-con e-parent\" data-id=\"1b818a8\" data-element_type=\"container\" data-e-type=\"container\" data-settings=\"{&quot;background_background&quot;:&quot;classic&quot;}\">\n\t\t\t\t\t<div class=\"e-con-inner\">\n\t\t<div class=\"elementor-element elementor-element-368a410 e-con-full e-flex e-con e-child\" data-id=\"368a410\" data-element_type=\"container\" data-e-type=\"container\">\n\t\t\t\t<div class=\"elementor-element elementor-element-d639bcf elementor-widget elementor-widget-heading\" data-id=\"d639bcf\" data-element_type=\"widget\" data-e-type=\"widget\" data-widget_type=\"heading.default\">\n\t\t\t\t<div class=\"elementor-widget-container\">\n\t\t\t\t\t<h2 class=\"elementor-heading-title elementor-size-default\">Yderligere modeller<\/h2>\t\t\t\t<\/div>\n\t\t\t\t<\/div>\n\t\t\t\t<\/div>\n\t\t<div class=\"elementor-element elementor-element-0af6784 e-con-full e-grid e-con e-child\" data-id=\"0af6784\" data-element_type=\"container\" data-e-type=\"container\" data-settings=\"{&quot;background_background&quot;:&quot;classic&quot;}\">\n\t\t<div class=\"elementor-element elementor-element-b3710b1 e-con-full e-flex e-con e-child\" data-id=\"b3710b1\" data-element_type=\"container\" data-e-type=\"container\" data-settings=\"{&quot;background_background&quot;:&quot;classic&quot;}\">\n\t\t<div class=\"elementor-element elementor-element-9387308 e-con-full e-flex e-con e-child\" data-id=\"9387308\" data-element_type=\"container\" data-e-type=\"container\">\n\t\t\t\t<div class=\"elementor-element elementor-element-46d902c elementor-widget elementor-widget-heading\" data-id=\"46d902c\" data-element_type=\"widget\" data-e-type=\"widget\" data-widget_type=\"heading.default\">\n\t\t\t\t<div class=\"elementor-widget-container\">\n\t\t\t\t\t<h3 class=\"elementor-heading-title elementor-size-default\">Offshoring - 100% allocation<\/h3>\t\t\t\t<\/div>\n\t\t\t\t<\/div>\n\t\t\t\t<\/div>\n\t\t\t\t<div class=\"elementor-element elementor-element-710add0 elementor-widget-divider--view-line elementor-widget elementor-widget-divider\" data-id=\"710add0\" data-element_type=\"widget\" data-e-type=\"widget\" data-widget_type=\"divider.default\">\n\t\t\t\t<div class=\"elementor-widget-container\">\n\t\t\t\t\t\t\t<div class=\"elementor-divider\">\n\t\t\t<span class=\"elementor-divider-separator\">\n\t\t\t\t\t\t<\/span>\n\t\t<\/div>\n\t\t\t\t\t\t<\/div>\n\t\t\t\t<\/div>\n\t\t\t\t<div class=\"elementor-element elementor-element-6f76ef5 bulletpoint-list elementor-widget elementor-widget-text-editor\" data-id=\"6f76ef5\" data-element_type=\"widget\" data-e-type=\"widget\" data-widget_type=\"text-editor.default\">\n\t\t\t\t<div class=\"elementor-widget-container\">\n\t\t\t\t\t\t\t\t\t<ul><li><strong>Beskrivelse:<\/strong> Fuldtidsressourcer dedikeret udelukkende til kundens projekter, hvilket skaber en stabil forl\u00e6ngelse af kundens interne team.<\/li><li><strong>Klientens ansvar:<\/strong> St\u00e5r for opgavedelegering og ledelse, svarende til at administrere et internt team, og sikrer l\u00f8bende overensstemmelse med kundens processer og m\u00e5l.<\/li><li><strong>Virksomhedens rolle:<\/strong> H\u00e5ndterer alle ans\u00e6ttelseslogistikker, compliance og leverer ressourcer, der er fuldt dedikerede til kundens behov.<\/li><li><strong>Ideelt for:<\/strong> Klienter, der s\u00f8ger langsigtede, fuldt engagerede fjernteammedlemmer, som kan integreres dybt i deres drift.<\/li><\/ul>\t\t\t\t\t\t\t\t<\/div>\n\t\t\t\t<\/div>\n\t\t\t\t<\/div>\n\t\t<div class=\"elementor-element elementor-element-b857a7a e-con-full e-flex e-con e-child\" data-id=\"b857a7a\" data-element_type=\"container\" data-e-type=\"container\" data-settings=\"{&quot;background_background&quot;:&quot;classic&quot;}\">\n\t\t<div class=\"elementor-element elementor-element-48a87a5 e-con-full e-flex e-con e-child\" data-id=\"48a87a5\" data-element_type=\"container\" data-e-type=\"container\">\n\t\t\t\t<div class=\"elementor-element elementor-element-fee2121 elementor-widget elementor-widget-heading\" data-id=\"fee2121\" data-element_type=\"widget\" data-e-type=\"widget\" data-widget_type=\"heading.default\">\n\t\t\t\t<div class=\"elementor-widget-container\">\n\t\t\t\t\t<h3 class=\"elementor-heading-title elementor-size-default\">Offshoring - time &amp; material<\/h3>\t\t\t\t<\/div>\n\t\t\t\t<\/div>\n\t\t\t\t<\/div>\n\t\t\t\t<div class=\"elementor-element elementor-element-33f34c3 elementor-widget-divider--view-line elementor-widget elementor-widget-divider\" data-id=\"33f34c3\" data-element_type=\"widget\" data-e-type=\"widget\" data-widget_type=\"divider.default\">\n\t\t\t\t<div class=\"elementor-widget-container\">\n\t\t\t\t\t\t\t<div class=\"elementor-divider\">\n\t\t\t<span class=\"elementor-divider-separator\">\n\t\t\t\t\t\t<\/span>\n\t\t<\/div>\n\t\t\t\t\t\t<\/div>\n\t\t\t\t<\/div>\n\t\t\t\t<div class=\"elementor-element elementor-element-f542a22 bulletpoint-list elementor-widget elementor-widget-text-editor\" data-id=\"f542a22\" data-element_type=\"widget\" data-e-type=\"widget\" data-widget_type=\"text-editor.default\">\n\t\t\t\t<div class=\"elementor-widget-container\">\n\t\t\t\t\t\t\t\t\t<ul><li><strong>Beskrivelse:<\/strong> Fleksibel model, hvor ressourcer faktureres efter timer eller materialeforbrug, ideel til projekter med varierende behov.<\/li><li><strong>Klientens ansvar:<\/strong> Definerer omfanget af hver opgave eller projekt og sikrer, at det stemmer overens med m\u00e5lene, efterh\u00e5nden som behovene \u00e6ndrer sig.<\/li><li><strong>Virksomhedens rolle:<\/strong> Leverer talent og ressourcer p\u00e5 fleksibel basis, hvilket muligg\u00f8r hurtige justeringer i ressourceallokeringen efter behov.<\/li><li><strong>Ideelt for:<\/strong> Klienter med kortsigtede eller dynamiske projektkrav.<\/li><\/ul>\t\t\t\t\t\t\t\t<\/div>\n\t\t\t\t<\/div>\n\t\t\t\t<\/div>\n\t\t<div class=\"elementor-element elementor-element-af3fbc3 e-con-full e-flex e-con e-child\" data-id=\"af3fbc3\" data-element_type=\"container\" data-e-type=\"container\" data-settings=\"{&quot;background_background&quot;:&quot;classic&quot;}\">\n\t\t<div class=\"elementor-element elementor-element-7a9d612 e-con-full e-flex e-con e-child\" data-id=\"7a9d612\" data-element_type=\"container\" data-e-type=\"container\">\n\t\t\t\t<div class=\"elementor-element elementor-element-218541e elementor-widget elementor-widget-heading\" data-id=\"218541e\" data-element_type=\"widget\" data-e-type=\"widget\" data-widget_type=\"heading.default\">\n\t\t\t\t<div class=\"elementor-widget-container\">\n\t\t\t\t\t<h3 class=\"elementor-heading-title elementor-size-default\">Project-based model<\/h3>\t\t\t\t<\/div>\n\t\t\t\t<\/div>\n\t\t\t\t<\/div>\n\t\t\t\t<div class=\"elementor-element elementor-element-c4febb3 elementor-widget-divider--view-line elementor-widget elementor-widget-divider\" data-id=\"c4febb3\" data-element_type=\"widget\" data-e-type=\"widget\" data-widget_type=\"divider.default\">\n\t\t\t\t<div class=\"elementor-widget-container\">\n\t\t\t\t\t\t\t<div class=\"elementor-divider\">\n\t\t\t<span class=\"elementor-divider-separator\">\n\t\t\t\t\t\t<\/span>\n\t\t<\/div>\n\t\t\t\t\t\t<\/div>\n\t\t\t\t<\/div>\n\t\t\t\t<div class=\"elementor-element elementor-element-316949a bulletpoint-list elementor-widget elementor-widget-text-editor\" data-id=\"316949a\" data-element_type=\"widget\" data-e-type=\"widget\" data-widget_type=\"text-editor.default\">\n\t\t\t\t<div class=\"elementor-widget-container\">\n\t\t\t\t\t\t\t\t\t<ul><li><strong>Beskrivelse:<\/strong> Resultatorienteret samarbejde med et fast budget og definerede leverancer.<\/li><li><strong>Klientens ansvar:<\/strong> Fastl\u00e6gger projektkrav og milep\u00e6le p\u00e5 forh\u00e5nd og sikrer, at alle forventninger er klare.<\/li><li><strong>Virksomhedens rolle:<\/strong> H\u00e5ndterer projektgennemf\u00f8relse fra start til slut i henhold til den aftalte tidsramme og leverancer.<\/li><li><strong>Ideelt for:<\/strong> Engangsprojekter eller klart definerede projekter, hvor budgetforudsigelighed er afg\u00f8rende.<\/li><\/ul>\t\t\t\t\t\t\t\t<\/div>\n\t\t\t\t<\/div>\n\t\t\t\t<\/div>\n\t\t\t\t<\/div>\n\t\t\t\t\t<\/div>\n\t\t\t\t<\/div>\n\t\t\t\t<\/div>","protected":false},"excerpt":{"rendered":"<p>Client team Build &amp; run your own team Beskrivelse: Kunden udv\u00e6lger og opbygger et dedikeret team til deres projekter. Klientens ansvar: St\u00e5r for den daglige drift af teamet, herunder direkte ledelse, opgavedelegering og performance-opf\u00f8lgning. Virksomhedens rolle: Malayo International h\u00e5ndterer lokal rekruttering, l\u00f8n og compliance \u2013 alle logistiske aspekter \u2013 s\u00e5 klienten kan fokusere udelukkende p\u00e5 [&hellip;]<\/p>\n","protected":false},"author":1,"featured_media":0,"parent":0,"menu_order":0,"comment_status":"closed","ping_status":"closed","template":"","meta":{"footnotes":""},"class_list":["post-1576","page","type-page","status-publish","hentry"],"yoast_head":"<!-- This site is optimized with the Yoast SEO plugin v27.5 - https:\/\/yoast.com\/product\/yoast-seo-wordpress\/ -->\n<title>Specielt - Malayo<\/title>\n<meta name=\"robots\" content=\"index, follow, max-snippet:-1, max-image-preview:large, max-video-preview:-1\" \/>\n<link rel=\"canonical\" href=\"https:\/\/malayo.dk\/da\/specielt\/\" \/>\n<meta property=\"og:locale\" content=\"da_DK\" \/>\n<meta property=\"og:type\" content=\"article\" \/>\n<meta property=\"og:title\" content=\"Specielt - Malayo\" \/>\n<meta property=\"og:description\" content=\"Client team Build &amp; run your own team Beskrivelse: Kunden udv\u00e6lger og opbygger et dedikeret team til deres projekter. Klientens ansvar: St\u00e5r for den daglige drift af teamet, herunder direkte ledelse, opgavedelegering og performance-opf\u00f8lgning. Virksomhedens rolle: Malayo International h\u00e5ndterer lokal rekruttering, l\u00f8n og compliance \u2013 alle logistiske aspekter \u2013 s\u00e5 klienten kan fokusere udelukkende p\u00e5 [&hellip;]\" \/>\n<meta property=\"og:url\" content=\"https:\/\/malayo.dk\/da\/specielt\/\" \/>\n<meta property=\"og:site_name\" content=\"Malayo\" \/>\n<meta property=\"article:modified_time\" content=\"2025-09-17T10:31:38+00:00\" \/>\n<meta name=\"twitter:card\" content=\"summary_large_image\" \/>\n<meta name=\"twitter:label1\" content=\"Estimeret l\u00e6setid\" \/>\n\t<meta name=\"twitter:data1\" content=\"2 minutter\" \/>\n<script type=\"application\/ld+json\" class=\"yoast-schema-graph\">{\"@context\":\"https:\\\/\\\/schema.org\",\"@graph\":[{\"@type\":\"WebPage\",\"@id\":\"https:\\\/\\\/malayo.dk\\\/specielt\\\/\",\"url\":\"https:\\\/\\\/malayo.dk\\\/specielt\\\/\",\"name\":\"Specielt - Malayo\",\"isPartOf\":{\"@id\":\"https:\\\/\\\/malayo.dk\\\/#website\"},\"datePublished\":\"2024-11-06T13:16:22+00:00\",\"dateModified\":\"2025-09-17T10:31:38+00:00\",\"inLanguage\":\"da-DK\",\"potentialAction\":[{\"@type\":\"ReadAction\",\"target\":[\"https:\\\/\\\/malayo.dk\\\/specielt\\\/\"]}]},{\"@type\":\"WebSite\",\"@id\":\"https:\\\/\\\/malayo.dk\\\/#website\",\"url\":\"https:\\\/\\\/malayo.dk\\\/\",\"name\":\"Malayo\",\"description\":\"\",\"publisher\":{\"@id\":\"https:\\\/\\\/malayo.dk\\\/#organization\"},\"potentialAction\":[{\"@type\":\"SearchAction\",\"target\":{\"@type\":\"EntryPoint\",\"urlTemplate\":\"https:\\\/\\\/malayo.dk\\\/?s={search_term_string}\"},\"query-input\":{\"@type\":\"PropertyValueSpecification\",\"valueRequired\":true,\"valueName\":\"search_term_string\"}}],\"inLanguage\":\"da-DK\"},{\"@type\":\"Organization\",\"@id\":\"https:\\\/\\\/malayo.dk\\\/#organization\",\"name\":\"Malayo\",\"url\":\"https:\\\/\\\/malayo.dk\\\/\",\"logo\":{\"@type\":\"ImageObject\",\"inLanguage\":\"da-DK\",\"@id\":\"https:\\\/\\\/malayo.dk\\\/#\\\/schema\\\/logo\\\/image\\\/\",\"url\":\"https:\\\/\\\/malayo.dk\\\/wp-content\\\/uploads\\\/MalayoMainLogo.png\",\"contentUrl\":\"https:\\\/\\\/malayo.dk\\\/wp-content\\\/uploads\\\/MalayoMainLogo.png\",\"width\":1672,\"height\":446,\"caption\":\"Malayo\"},\"image\":{\"@id\":\"https:\\\/\\\/malayo.dk\\\/#\\\/schema\\\/logo\\\/image\\\/\"}}]}<\/script>\n<!-- \/ Yoast SEO plugin. -->","yoast_head_json":{"title":"Specielt - Malayo","robots":{"index":"index","follow":"follow","max-snippet":"max-snippet:-1","max-image-preview":"max-image-preview:large","max-video-preview":"max-video-preview:-1"},"canonical":"https:\/\/malayo.dk\/da\/specielt\/","og_locale":"da_DK","og_type":"article","og_title":"Specielt - Malayo","og_description":"Client team Build &amp; run your own team Beskrivelse: Kunden udv\u00e6lger og opbygger et dedikeret team til deres projekter. Klientens ansvar: St\u00e5r for den daglige drift af teamet, herunder direkte ledelse, opgavedelegering og performance-opf\u00f8lgning. Virksomhedens rolle: Malayo International h\u00e5ndterer lokal rekruttering, l\u00f8n og compliance \u2013 alle logistiske aspekter \u2013 s\u00e5 klienten kan fokusere udelukkende p\u00e5 [&hellip;]","og_url":"https:\/\/malayo.dk\/da\/specielt\/","og_site_name":"Malayo","article_modified_time":"2025-09-17T10:31:38+00:00","twitter_card":"summary_large_image","twitter_misc":{"Estimeret l\u00e6setid":"2 minutter"},"schema":{"@context":"https:\/\/schema.org","@graph":[{"@type":"WebPage","@id":"https:\/\/malayo.dk\/specielt\/","url":"https:\/\/malayo.dk\/specielt\/","name":"Specielt - Malayo","isPartOf":{"@id":"https:\/\/malayo.dk\/#website"},"datePublished":"2024-11-06T13:16:22+00:00","dateModified":"2025-09-17T10:31:38+00:00","inLanguage":"da-DK","potentialAction":[{"@type":"ReadAction","target":["https:\/\/malayo.dk\/specielt\/"]}]},{"@type":"WebSite","@id":"https:\/\/malayo.dk\/#website","url":"https:\/\/malayo.dk\/","name":"Malayo","description":"","publisher":{"@id":"https:\/\/malayo.dk\/#organization"},"potentialAction":[{"@type":"SearchAction","target":{"@type":"EntryPoint","urlTemplate":"https:\/\/malayo.dk\/?s={search_term_string}"},"query-input":{"@type":"PropertyValueSpecification","valueRequired":true,"valueName":"search_term_string"}}],"inLanguage":"da-DK"},{"@type":"Organization","@id":"https:\/\/malayo.dk\/#organization","name":"Malayo","url":"https:\/\/malayo.dk\/","logo":{"@type":"ImageObject","inLanguage":"da-DK","@id":"https:\/\/malayo.dk\/#\/schema\/logo\/image\/","url":"https:\/\/malayo.dk\/wp-content\/uploads\/MalayoMainLogo.png","contentUrl":"https:\/\/malayo.dk\/wp-content\/uploads\/MalayoMainLogo.png","width":1672,"height":446,"caption":"Malayo"},"image":{"@id":"https:\/\/malayo.dk\/#\/schema\/logo\/image\/"}}]}},"_links":{"self":[{"href":"https:\/\/malayo.dk\/da\/wp-json\/wp\/v2\/pages\/1576","targetHints":{"allow":["GET"]}}],"collection":[{"href":"https:\/\/malayo.dk\/da\/wp-json\/wp\/v2\/pages"}],"about":[{"href":"https:\/\/malayo.dk\/da\/wp-json\/wp\/v2\/types\/page"}],"author":[{"embeddable":true,"href":"https:\/\/malayo.dk\/da\/wp-json\/wp\/v2\/users\/1"}],"replies":[{"embeddable":true,"href":"https:\/\/malayo.dk\/da\/wp-json\/wp\/v2\/comments?post=1576"}],"version-history":[{"count":20,"href":"https:\/\/malayo.dk\/da\/wp-json\/wp\/v2\/pages\/1576\/revisions"}],"predecessor-version":[{"id":3182,"href":"https:\/\/malayo.dk\/da\/wp-json\/wp\/v2\/pages\/1576\/revisions\/3182"}],"wp:attachment":[{"href":"https:\/\/malayo.dk\/da\/wp-json\/wp\/v2\/media?parent=1576"}],"curies":[{"name":"wp","href":"https:\/\/api.w.org\/{rel}","templated":true}]}}