{"id":3316,"date":"2025-10-26T10:52:16","date_gmt":"2025-10-26T09:52:16","guid":{"rendered":"https:\/\/malayo.dk\/?page_id=3316"},"modified":"2025-10-26T10:52:16","modified_gmt":"2025-10-26T09:52:16","slug":"why-the-philippines","status":"publish","type":"page","link":"https:\/\/malayo.dk\/da\/why-the-philippines\/","title":{"rendered":"Hvorfor Filippinerne?"},"content":{"rendered":"<div data-elementor-type=\"wp-post\" data-elementor-id=\"3316\" class=\"elementor elementor-3316\" data-elementor-post-type=\"page\">\n\t\t\t\t<div class=\"elementor-element elementor-element-0f46730 e-flex e-con-boxed e-con e-parent\" data-id=\"0f46730\" data-element_type=\"container\" data-e-type=\"container\" data-settings=\"{&quot;background_background&quot;:&quot;classic&quot;,&quot;shape_divider_bottom&quot;:&quot;curve&quot;,&quot;shape_divider_bottom_negative&quot;:&quot;yes&quot;}\">\n\t\t\t\t\t<div class=\"e-con-inner\">\n\t\t\t\t<div class=\"elementor-shape elementor-shape-bottom\" aria-hidden=\"true\" data-negative=\"true\">\n\t\t\t<svg xmlns=\"http:\/\/www.w3.org\/2000\/svg\" viewbox=\"0 0 1000 100\" preserveaspectratio=\"none\">\n\t<path class=\"elementor-shape-fill\" d=\"M500,97C126.7,96.3,0.8,19.8,0,0v100l1000,0V1C1000,19.4,873.3,97.8,500,97z\"\/>\n<\/svg>\t\t<\/div>\n\t\t<div class=\"elementor-element elementor-element-04a4d7b e-con-full e-flex e-con e-child\" data-id=\"04a4d7b\" data-element_type=\"container\" data-e-type=\"container\">\n\t\t\t\t<div class=\"elementor-element elementor-element-b613677 elementor-widget elementor-widget-heading\" data-id=\"b613677\" data-element_type=\"widget\" data-e-type=\"widget\" data-widget_type=\"heading.default\">\n\t\t\t\t<div class=\"elementor-widget-container\">\n\t\t\t\t\t<h1 class=\"elementor-heading-title elementor-size-default\">Hvorfor Filippinerne?<\/h1>\t\t\t\t<\/div>\n\t\t\t\t<\/div>\n\t\t\t\t<\/div>\n\t\t\t\t\t<\/div>\n\t\t\t\t<\/div>\n\t\t<div class=\"elementor-element elementor-element-23492cc0 e-flex e-con-boxed e-con e-parent\" data-id=\"23492cc0\" data-element_type=\"container\" data-e-type=\"container\" data-settings=\"{&quot;background_background&quot;:&quot;classic&quot;}\">\n\t\t\t\t\t<div class=\"e-con-inner\">\n\t\t<div class=\"elementor-element elementor-element-11527c6 e-con-full e-flex e-con e-child\" data-id=\"11527c6\" data-element_type=\"container\" data-e-type=\"container\" data-settings=\"{&quot;background_background&quot;:&quot;classic&quot;}\">\n\t\t<div class=\"elementor-element elementor-element-9244dfc e-con-full e-flex e-con e-child\" data-id=\"9244dfc\" data-element_type=\"container\" data-e-type=\"container\" data-settings=\"{&quot;background_background&quot;:&quot;classic&quot;}\">\n\t\t\t\t<\/div>\n\t\t\t\t<\/div>\n\t\t<div class=\"elementor-element elementor-element-6d0b25e3 e-con-full e-flex e-con e-child\" data-id=\"6d0b25e3\" data-element_type=\"container\" data-e-type=\"container\" data-settings=\"{&quot;background_background&quot;:&quot;classic&quot;}\">\n\t\t\t\t<div class=\"elementor-element elementor-element-1598d749 elementor-widget elementor-widget-heading\" data-id=\"1598d749\" data-element_type=\"widget\" data-e-type=\"widget\" data-widget_type=\"heading.default\">\n\t\t\t\t<div class=\"elementor-widget-container\">\n\t\t\t\t\t<h2 class=\"elementor-heading-title elementor-size-default\">Hvorfor outsource medarbejdere og teams til Filippinerne?<\/h2>\t\t\t\t<\/div>\n\t\t\t\t<\/div>\n\t\t\t\t<div class=\"elementor-element elementor-element-d5beca5 elementor-widget-divider--view-line elementor-widget elementor-widget-divider\" data-id=\"d5beca5\" data-element_type=\"widget\" data-e-type=\"widget\" data-widget_type=\"divider.default\">\n\t\t\t\t<div class=\"elementor-widget-container\">\n\t\t\t\t\t\t\t<div class=\"elementor-divider\">\n\t\t\t<span class=\"elementor-divider-separator\">\n\t\t\t\t\t\t<\/span>\n\t\t<\/div>\n\t\t\t\t\t\t<\/div>\n\t\t\t\t<\/div>\n\t\t\t\t<div class=\"elementor-element elementor-element-f368dc7 elementor-widget elementor-widget-text-editor\" data-id=\"f368dc7\" data-element_type=\"widget\" data-e-type=\"widget\" data-widget_type=\"text-editor.default\">\n\t\t\t\t<div class=\"elementor-widget-container\">\n\t\t\t\t\t\t\t\t\t<p>Filippinerne er i dag et af verdens f\u00f8rende outsourcing-lande \u2013 med dygtige specialister, solid kommunikation p\u00e5 engelsk og en arbejdsstil, der passer naturligt sammen med vestlige v\u00e6rdier og samarbejdsformer.<\/p><p>Hos Malayo handler vores arbejde om at skabe forbindelser mellem virksomheder og mennesker, der yder deres bedste \u2013 og bliver hos dig p\u00e5 den lange bane, fordi de trives og f\u00f8ler ansvar for resultaterne.<\/p>\t\t\t\t\t\t\t\t<\/div>\n\t\t\t\t<\/div>\n\t\t\t\t<\/div>\n\t\t\t\t\t<\/div>\n\t\t\t\t<\/div>\n\t\t<div class=\"elementor-element elementor-element-3f8acbd e-grid e-con-boxed e-con e-parent\" data-id=\"3f8acbd\" data-element_type=\"container\" data-e-type=\"container\" data-settings=\"{&quot;background_background&quot;:&quot;classic&quot;,&quot;shape_divider_top&quot;:&quot;tilt&quot;}\">\n\t\t\t\t\t<div class=\"e-con-inner\">\n\t\t\t\t<div class=\"elementor-shape elementor-shape-top\" aria-hidden=\"true\" data-negative=\"false\">\n\t\t\t<svg xmlns=\"http:\/\/www.w3.org\/2000\/svg\" viewbox=\"0 0 1000 100\" preserveaspectratio=\"none\">\n\t<path class=\"elementor-shape-fill\" d=\"M0,6V0h1000v100L0,6z\"\/>\n<\/svg>\t\t<\/div>\n\t\t<div class=\"elementor-element elementor-element-94d346f e-con-full e-flex e-con e-child\" data-id=\"94d346f\" data-element_type=\"container\" data-e-type=\"container\" data-settings=\"{&quot;background_background&quot;:&quot;classic&quot;}\">\n\t\t\t\t<div class=\"elementor-element elementor-element-2059c1f elementor-widget elementor-widget-text-editor\" data-id=\"2059c1f\" data-element_type=\"widget\" data-e-type=\"widget\" data-widget_type=\"text-editor.default\">\n\t\t\t\t<div class=\"elementor-widget-container\">\n\t\t\t\t\t\t\t\t\t<h3 class=\"translation-block\">Flydende <span class=\"color-pink\"> Engelsk.<\/span><\/h3><p class=\"translation-block\">Engelsk er et af Filippinernes officielle sprog \u2013 derfor er landet det <strong>tredjest\u00f8rste engelsktalende land i verden<\/strong>, hvor hele <strong>93 % af befolkningen<\/strong> taler og forst\u00e5r engelsk.<\/p><p class=\"translation-block\">Det er ogs\u00e5 det prim\u00e6re sprog inden for <strong>erhverv, uddannelse og daglig kommunikation<\/strong>, hvilket sikrer et gnidningsfrit samarbejde med dit remote team.<\/p>\t\t\t\t\t\t\t\t<\/div>\n\t\t\t\t<\/div>\n\t\t\t\t<\/div>\n\t\t<div class=\"elementor-element elementor-element-67916fe e-con-full e-flex e-con e-child\" data-id=\"67916fe\" data-element_type=\"container\" data-e-type=\"container\" data-settings=\"{&quot;background_background&quot;:&quot;classic&quot;}\">\n\t\t\t\t<div class=\"elementor-element elementor-element-f325de8 elementor-widget elementor-widget-text-editor\" data-id=\"f325de8\" data-element_type=\"widget\" data-e-type=\"widget\" data-widget_type=\"text-editor.default\">\n\t\t\t\t<div class=\"elementor-widget-container\">\n\t\t\t\t\t\t\t\t\t<h3 class=\"translation-block\">Serviceorienteret <span class=\"color-pink\">Kultur<\/span><\/h3><p class=\"translation-block\">Filippinernes serviceorienterede kultur fremmer <strong>us\u00e6dvanligt h\u00f8flige<\/strong> medarbejdere, der konsekvent leverer <strong>kundeservice i verdensklasse<\/strong>.<\/p><p>Denne kulturelle egenskab g\u00f8r filippinske medarbejdere ideelle til kundevendte roller og stillinger, der kr\u00e6ver fremragende kommunikation og et h\u00f8jt niveau af professionalisme.<\/p>\t\t\t\t\t\t\t\t<\/div>\n\t\t\t\t<\/div>\n\t\t\t\t<\/div>\n\t\t<div class=\"elementor-element elementor-element-2079131 e-con-full e-flex e-con e-child\" data-id=\"2079131\" data-element_type=\"container\" data-e-type=\"container\" data-settings=\"{&quot;background_background&quot;:&quot;classic&quot;}\">\n\t\t\t\t<div class=\"elementor-element elementor-element-d27fdef elementor-widget elementor-widget-image\" data-id=\"d27fdef\" data-element_type=\"widget\" data-e-type=\"widget\" data-widget_type=\"image.default\">\n\t\t\t\t<div class=\"elementor-widget-container\">\n\t\t\t\t\t\t\t\t\t\t\t\t\t\t\t<img fetchpriority=\"high\" decoding=\"async\" width=\"800\" height=\"600\" src=\"https:\/\/malayo.dk\/wp-content\/uploads\/IMG_5553-1024x768.webp\" class=\"attachment-large size-large wp-image-3063\" alt=\"\" srcset=\"https:\/\/malayo.dk\/wp-content\/uploads\/IMG_5553-1024x768.webp 1024w, https:\/\/malayo.dk\/wp-content\/uploads\/IMG_5553-300x225.webp 300w, https:\/\/malayo.dk\/wp-content\/uploads\/IMG_5553-768x576.webp 768w, https:\/\/malayo.dk\/wp-content\/uploads\/IMG_5553-1536x1152.webp 1536w, https:\/\/malayo.dk\/wp-content\/uploads\/IMG_5553-16x12.webp 16w, https:\/\/malayo.dk\/wp-content\/uploads\/IMG_5553.webp 2016w\" sizes=\"(max-width: 800px) 100vw, 800px\" \/>\t\t\t\t\t\t\t\t\t\t\t\t\t\t\t<\/div>\n\t\t\t\t<\/div>\n\t\t\t\t<div class=\"elementor-element elementor-element-d8b2242 elementor-widget elementor-widget-text-editor\" data-id=\"d8b2242\" data-element_type=\"widget\" data-e-type=\"widget\" data-widget_type=\"text-editor.default\">\n\t\t\t\t<div class=\"elementor-widget-container\">\n\t\t\t\t\t\t\t\t\t<h3 class=\"translation-block\">Naturlig <span class=\"color-pink\">kulturel forst\u00e5else<\/span> med internationale virksomheder<\/h3><p class=\"translation-block\">Filippinernes kultur harmonerer naturligt med vestlige v\u00e6rdier \u2013 pr\u00e6get af mere end <strong>500 \u00e5rs spansk og amerikansk indflydelse<\/strong>. Derfor tilpasser filippinske medarbejdere sig let internationale arbejdsgange, samarbejdsformer og virksomhedskulturer.<\/p><p class=\"translation-block\">De deler mange kulturelle normer, arbejdsv\u00e6rdier og kommunikationsformer med vestlige lande, hvilket g\u00f8r integrationen i dit team <strong>problemfri og effektiv.<\/strong><\/p>\t\t\t\t\t\t\t\t<\/div>\n\t\t\t\t<\/div>\n\t\t\t\t<\/div>\n\t\t<div class=\"elementor-element elementor-element-134789e e-con-full e-flex e-con e-child\" data-id=\"134789e\" data-element_type=\"container\" data-e-type=\"container\" data-settings=\"{&quot;background_background&quot;:&quot;classic&quot;}\">\n\t\t\t\t<div class=\"elementor-element elementor-element-651be2b elementor-widget elementor-widget-text-editor\" data-id=\"651be2b\" data-element_type=\"widget\" data-e-type=\"widget\" data-widget_type=\"text-editor.default\">\n\t\t\t\t<div class=\"elementor-widget-container\">\n\t\t\t\t\t\t\t\t\t<h3 class=\"translation-block\">Engagerede og <span class=\"color-pink\">ansvarsbevidste<\/span> medarbejdere<\/h3><p class=\"translation-block\">Filippinske specialister er kendt for deres st\u00e6rke arbejdsmoral og store stolthed i deres arbejde. De er naturligt dedikerede til at <strong>levere resultater af h\u00f8j kvalitet<\/strong> og g\u00e5r altid det ekstra skridt for at sikre fremragende arbejde.<\/p>\t\t\t\t\t\t\t\t<\/div>\n\t\t\t\t<\/div>\n\t\t\t\t<\/div>\n\t\t<div class=\"elementor-element elementor-element-6d3be10 e-con-full e-flex e-con e-child\" data-id=\"6d3be10\" data-element_type=\"container\" data-e-type=\"container\" data-settings=\"{&quot;background_background&quot;:&quot;classic&quot;}\">\n\t\t\t\t<div class=\"elementor-element elementor-element-27e67bb elementor-widget elementor-widget-image\" data-id=\"27e67bb\" data-element_type=\"widget\" data-e-type=\"widget\" data-widget_type=\"image.default\">\n\t\t\t\t<div class=\"elementor-widget-container\">\n\t\t\t\t\t\t\t\t\t\t\t\t\t\t\t<img decoding=\"async\" width=\"768\" height=\"1024\" src=\"https:\/\/malayo.dk\/wp-content\/uploads\/IMG_7392-768x1024.webp\" class=\"attachment-large size-large wp-image-3059\" alt=\"\" srcset=\"https:\/\/malayo.dk\/wp-content\/uploads\/IMG_7392-768x1024.webp 768w, https:\/\/malayo.dk\/wp-content\/uploads\/IMG_7392-225x300.webp 225w, https:\/\/malayo.dk\/wp-content\/uploads\/IMG_7392-1152x1536.webp 1152w, https:\/\/malayo.dk\/wp-content\/uploads\/IMG_7392-scaled.webp 1536w, https:\/\/malayo.dk\/wp-content\/uploads\/IMG_7392-9x12.webp 9w\" sizes=\"(max-width: 768px) 100vw, 768px\" \/>\t\t\t\t\t\t\t\t\t\t\t\t\t\t\t<\/div>\n\t\t\t\t<\/div>\n\t\t\t\t<div class=\"elementor-element elementor-element-9ea36e2 elementor-widget elementor-widget-text-editor\" data-id=\"9ea36e2\" data-element_type=\"widget\" data-e-type=\"widget\" data-widget_type=\"text-editor.default\">\n\t\t\t\t<div class=\"elementor-widget-container\">\n\t\t\t\t\t\t\t\t\t<h3 class=\"translation-block\">Veluddannet og <span class=\"color-pink\">kompetent arbejdsstyrke<\/span><\/h3><p class=\"translation-block\">Hvert \u00e5r uddannes over <strong>37.000 IT-specialister<\/strong> i Filippinerne fra <strong>anerkendte universiteter<\/strong>. Resultatet er en talentmasse, der er klar til at levere p\u00e5 moderne teknologi og forretningskrav.<\/p>\t\t\t\t\t\t\t\t<\/div>\n\t\t\t\t<\/div>\n\t\t\t\t<\/div>\n\t\t<div class=\"elementor-element elementor-element-f63ca91 e-con-full e-flex e-con e-child\" data-id=\"f63ca91\" data-element_type=\"container\" data-e-type=\"container\" data-settings=\"{&quot;background_background&quot;:&quot;classic&quot;}\">\n\t\t\t\t<div class=\"elementor-element elementor-element-940dc2b elementor-widget elementor-widget-image\" data-id=\"940dc2b\" data-element_type=\"widget\" data-e-type=\"widget\" data-widget_type=\"image.default\">\n\t\t\t\t<div class=\"elementor-widget-container\">\n\t\t\t\t\t\t\t\t\t\t\t\t\t\t\t<img decoding=\"async\" width=\"800\" height=\"600\" src=\"https:\/\/malayo.dk\/wp-content\/uploads\/IMG_5555-1-1024x768.webp\" class=\"attachment-large size-large wp-image-3040\" alt=\"\" srcset=\"https:\/\/malayo.dk\/wp-content\/uploads\/IMG_5555-1-1024x768.webp 1024w, https:\/\/malayo.dk\/wp-content\/uploads\/IMG_5555-1-300x225.webp 300w, https:\/\/malayo.dk\/wp-content\/uploads\/IMG_5555-1-768x576.webp 768w, https:\/\/malayo.dk\/wp-content\/uploads\/IMG_5555-1-1536x1152.webp 1536w, https:\/\/malayo.dk\/wp-content\/uploads\/IMG_5555-1-16x12.webp 16w, https:\/\/malayo.dk\/wp-content\/uploads\/IMG_5555-1.webp 2016w\" sizes=\"(max-width: 800px) 100vw, 800px\" \/>\t\t\t\t\t\t\t\t\t\t\t\t\t\t\t<\/div>\n\t\t\t\t<\/div>\n\t\t\t\t<div class=\"elementor-element elementor-element-3b6abee elementor-widget elementor-widget-text-editor\" data-id=\"3b6abee\" data-element_type=\"widget\" data-e-type=\"widget\" data-widget_type=\"text-editor.default\">\n\t\t\t\t<div class=\"elementor-widget-container\">\n\t\t\t\t\t\t\t\t\t<h3 class=\"translation-block\">Moderne infrastruktur og <span class=\"color-pink\">avanceret teknologi<\/span><\/h3><p class=\"translation-block\"><strong>Moderne infrastruktur:<\/strong> Filippinerne har et st\u00e6rkt fundament med teknologicentre, stabil internetd\u00e6kning og moderne kommunikationsl\u00f8sninger, der underst\u00f8tter effektivt samarbejde.<\/p><p class=\"translation-block\"><strong>Datasikkerhed:<\/strong> Filippinerne overholder internationale standarder for databeskyttelse og sikrer beskyttelsen af dine fortrolige forretningsdata.<\/p>\t\t\t\t\t\t\t\t<\/div>\n\t\t\t\t<\/div>\n\t\t\t\t<\/div>\n\t\t<div class=\"elementor-element elementor-element-dc32fce e-con-full e-flex e-con e-child\" data-id=\"dc32fce\" data-element_type=\"container\" data-e-type=\"container\" data-settings=\"{&quot;background_background&quot;:&quot;classic&quot;}\">\n\t\t\t\t<div class=\"elementor-element elementor-element-c743a04 elementor-widget elementor-widget-text-editor\" data-id=\"c743a04\" data-element_type=\"widget\" data-e-type=\"widget\" data-widget_type=\"text-editor.default\">\n\t\t\t\t<div class=\"elementor-widget-container\">\n\t\t\t\t\t\t\t\t\t<h3>24\/7 <span class=\"color-pink\">Altid <span class=\"color-pink\">tilg\u00e6ngelig<\/span> \u2013 d\u00f8gnet rundt<\/span><\/h3>\nThe Philippines operates around the clock, ensuring a constant <strong>workforce ready for day or night shifts<\/strong>. With a <strong>24\/7 staffing model<\/strong>, you can support customers across any time zone, delivering uninterrupted service and maintaining high levels of responsiveness at all hours.\t\t\t\t\t\t\t\t<\/div>\n\t\t\t\t<\/div>\n\t\t\t\t<\/div>\n\t\t<div class=\"elementor-element elementor-element-60d2dc2 e-con-full e-flex e-con e-child\" data-id=\"60d2dc2\" data-element_type=\"container\" data-e-type=\"container\" data-settings=\"{&quot;background_background&quot;:&quot;classic&quot;}\">\n\t\t\t\t<div class=\"elementor-element elementor-element-9200f78 elementor-widget elementor-widget-text-editor\" data-id=\"9200f78\" data-element_type=\"widget\" data-e-type=\"widget\" data-widget_type=\"text-editor.default\">\n\t\t\t\t<div class=\"elementor-widget-container\">\n\t\t\t\t\t\t\t\t\t<h3 class=\"translation-block\">Markante <span class=\"color-pink\">besparelser<\/span> \u2013 samme kvalitet<\/h3>\nOutsourcing to the Philippines allows you to reduce your labor costs dramatically. With highly skilled professionals available at a fraction of the cost of local hires, you can achieve <strong>substantial savings<\/strong> while maintaining high standards of work and productivity.\t\t\t\t\t\t\t\t<\/div>\n\t\t\t\t<\/div>\n\t\t\t\t<\/div>\n\t\t<div class=\"elementor-element elementor-element-282d7c4 e-con-full e-flex e-con e-child\" data-id=\"282d7c4\" data-element_type=\"container\" data-e-type=\"container\" data-settings=\"{&quot;background_background&quot;:&quot;classic&quot;}\">\n\t\t\t\t<div class=\"elementor-element elementor-element-b929003 elementor-widget elementor-widget-text-editor\" data-id=\"b929003\" data-element_type=\"widget\" data-e-type=\"widget\" data-widget_type=\"text-editor.default\">\n\t\t\t\t<div class=\"elementor-widget-container\">\n\t\t\t\t\t\t\t\t\t<h3 class=\"translation-block\">Solid <span class=\"color-pink\">opbakning<\/span> fra myndighederne<\/h3>\n<strong>Outsourcing-Friendly Regulations:<\/strong> The Philippine government actively promotes the outsourcing industry through business-friendly policies, making it easier to establish and grow operations.\t\t\t\t\t\t\t\t<\/div>\n\t\t\t\t<\/div>\n\t\t\t\t<\/div>\n\t\t\t\t\t<\/div>\n\t\t\t\t<\/div>\n\t\t\t\t<\/div>","protected":false},"excerpt":{"rendered":"<p>Why the Philippines? Why Outsource Staff and Teams to the Philippines? The Philippines has become a global leader in outsourcing \u2014 known for its highly skilled workforce, excellent English communication, and strong cultural compatibility with Western organizations. At Malayo, our mission is to connect you with exceptional professionals who not only deliver outstanding performance but [&hellip;]<\/p>\n","protected":false},"author":1,"featured_media":0,"parent":0,"menu_order":0,"comment_status":"closed","ping_status":"closed","template":"elementor_theme","meta":{"footnotes":""},"class_list":["post-3316","page","type-page","status-publish","hentry"],"yoast_head":"<!-- This site is optimized with the Yoast SEO plugin v27.5 - https:\/\/yoast.com\/product\/yoast-seo-wordpress\/ -->\n<title>Problemfri IT-outsourcing og outstaffing - Malayo<\/title>\n<meta name=\"description\" content=\"Hos Malayo hj\u00e6lper vi dig med at integrere et fjernteam der arbejder mod dine m\u00e5l og KPI&#039;er med IT-outsourcing og\/eller outstaffing.\" \/>\n<meta name=\"robots\" content=\"index, follow, max-snippet:-1, max-image-preview:large, max-video-preview:-1\" \/>\n<link rel=\"canonical\" href=\"https:\/\/malayo.dk\/da\/why-the-philippines\/\" \/>\n<meta property=\"og:locale\" content=\"da_DK\" \/>\n<meta property=\"og:type\" content=\"article\" \/>\n<meta property=\"og:title\" content=\"Problemfri IT-outsourcing og outstaffing - Malayo\" \/>\n<meta property=\"og:description\" content=\"Hos Malayo hj\u00e6lper vi dig med at integrere et fjernteam der arbejder mod dine m\u00e5l og KPI&#039;er med IT-outsourcing og\/eller outstaffing.\" \/>\n<meta property=\"og:url\" content=\"https:\/\/malayo.dk\/da\/why-the-philippines\/\" \/>\n<meta property=\"og:site_name\" content=\"Malayo\" \/>\n<meta property=\"og:image\" content=\"https:\/\/malayo.dk\/wp-content\/uploads\/IMG_5553-1024x768.webp\" \/>\n<meta name=\"twitter:card\" content=\"summary_large_image\" \/>\n<meta name=\"twitter:label1\" content=\"Estimeret l\u00e6setid\" \/>\n\t<meta name=\"twitter:data1\" content=\"3 minutter\" \/>\n<script type=\"application\/ld+json\" class=\"yoast-schema-graph\">{\"@context\":\"https:\\\/\\\/schema.org\",\"@graph\":[{\"@type\":\"WebPage\",\"@id\":\"https:\\\/\\\/malayo.dk\\\/why-the-philippines\\\/\",\"url\":\"https:\\\/\\\/malayo.dk\\\/why-the-philippines\\\/\",\"name\":\"Problemfri IT-outsourcing og outstaffing - Malayo\",\"isPartOf\":{\"@id\":\"https:\\\/\\\/malayo.dk\\\/#website\"},\"primaryImageOfPage\":{\"@id\":\"https:\\\/\\\/malayo.dk\\\/why-the-philippines\\\/#primaryimage\"},\"image\":{\"@id\":\"https:\\\/\\\/malayo.dk\\\/why-the-philippines\\\/#primaryimage\"},\"thumbnailUrl\":\"https:\\\/\\\/malayo.dk\\\/wp-content\\\/uploads\\\/IMG_5553-1024x768.webp\",\"datePublished\":\"2025-10-26T09:52:16+00:00\",\"description\":\"Hos Malayo hj\u00e6lper vi dig med at integrere et fjernteam der arbejder mod dine m\u00e5l og KPI'er med IT-outsourcing og\\\/eller outstaffing.\",\"inLanguage\":\"da-DK\",\"potentialAction\":[{\"@type\":\"ReadAction\",\"target\":[\"https:\\\/\\\/malayo.dk\\\/why-the-philippines\\\/\"]}]},{\"@type\":\"ImageObject\",\"inLanguage\":\"da-DK\",\"@id\":\"https:\\\/\\\/malayo.dk\\\/why-the-philippines\\\/#primaryimage\",\"url\":\"https:\\\/\\\/malayo.dk\\\/wp-content\\\/uploads\\\/IMG_5553-1024x768.webp\",\"contentUrl\":\"https:\\\/\\\/malayo.dk\\\/wp-content\\\/uploads\\\/IMG_5553-1024x768.webp\"},{\"@type\":\"WebSite\",\"@id\":\"https:\\\/\\\/malayo.dk\\\/#website\",\"url\":\"https:\\\/\\\/malayo.dk\\\/\",\"name\":\"Malayo\",\"description\":\"\",\"publisher\":{\"@id\":\"https:\\\/\\\/malayo.dk\\\/#organization\"},\"potentialAction\":[{\"@type\":\"SearchAction\",\"target\":{\"@type\":\"EntryPoint\",\"urlTemplate\":\"https:\\\/\\\/malayo.dk\\\/?s={search_term_string}\"},\"query-input\":{\"@type\":\"PropertyValueSpecification\",\"valueRequired\":true,\"valueName\":\"search_term_string\"}}],\"inLanguage\":\"da-DK\"},{\"@type\":\"Organization\",\"@id\":\"https:\\\/\\\/malayo.dk\\\/#organization\",\"name\":\"Malayo\",\"url\":\"https:\\\/\\\/malayo.dk\\\/\",\"logo\":{\"@type\":\"ImageObject\",\"inLanguage\":\"da-DK\",\"@id\":\"https:\\\/\\\/malayo.dk\\\/#\\\/schema\\\/logo\\\/image\\\/\",\"url\":\"https:\\\/\\\/malayo.dk\\\/wp-content\\\/uploads\\\/MalayoMainLogo.png\",\"contentUrl\":\"https:\\\/\\\/malayo.dk\\\/wp-content\\\/uploads\\\/MalayoMainLogo.png\",\"width\":1672,\"height\":446,\"caption\":\"Malayo\"},\"image\":{\"@id\":\"https:\\\/\\\/malayo.dk\\\/#\\\/schema\\\/logo\\\/image\\\/\"}}]}<\/script>\n<!-- \/ Yoast SEO plugin. -->","yoast_head_json":{"title":"Problemfri IT-outsourcing og outstaffing - Malayo","description":"Hos Malayo hj\u00e6lper vi dig med at integrere et fjernteam, der arbejder mod dine m\u00e5l og KPI'er med IT-outsourcing og\/eller outstaffing.","robots":{"index":"index","follow":"follow","max-snippet":"max-snippet:-1","max-image-preview":"max-image-preview:large","max-video-preview":"max-video-preview:-1"},"canonical":"https:\/\/malayo.dk\/da\/why-the-philippines\/","og_locale":"da_DK","og_type":"article","og_title":"Problemfri IT-outsourcing og outstaffing - Malayo","og_description":"Hos Malayo hj\u00e6lper vi dig med at integrere et fjernteam der arbejder mod dine m\u00e5l og KPI'er med IT-outsourcing og\/eller outstaffing.","og_url":"https:\/\/malayo.dk\/da\/why-the-philippines\/","og_site_name":"Malayo","og_image":[{"url":"https:\/\/malayo.dk\/wp-content\/uploads\/IMG_5553-1024x768.webp","type":"","width":"","height":""}],"twitter_card":"summary_large_image","twitter_misc":{"Estimeret l\u00e6setid":"3 minutter"},"schema":{"@context":"https:\/\/schema.org","@graph":[{"@type":"WebPage","@id":"https:\/\/malayo.dk\/why-the-philippines\/","url":"https:\/\/malayo.dk\/why-the-philippines\/","name":"Problemfri IT-outsourcing og outstaffing - Malayo","isPartOf":{"@id":"https:\/\/malayo.dk\/#website"},"primaryImageOfPage":{"@id":"https:\/\/malayo.dk\/why-the-philippines\/#primaryimage"},"image":{"@id":"https:\/\/malayo.dk\/why-the-philippines\/#primaryimage"},"thumbnailUrl":"https:\/\/malayo.dk\/wp-content\/uploads\/IMG_5553-1024x768.webp","datePublished":"2025-10-26T09:52:16+00:00","description":"Hos Malayo hj\u00e6lper vi dig med at integrere et fjernteam, der arbejder mod dine m\u00e5l og KPI'er med IT-outsourcing og\/eller outstaffing.","inLanguage":"da-DK","potentialAction":[{"@type":"ReadAction","target":["https:\/\/malayo.dk\/why-the-philippines\/"]}]},{"@type":"ImageObject","inLanguage":"da-DK","@id":"https:\/\/malayo.dk\/why-the-philippines\/#primaryimage","url":"https:\/\/malayo.dk\/wp-content\/uploads\/IMG_5553-1024x768.webp","contentUrl":"https:\/\/malayo.dk\/wp-content\/uploads\/IMG_5553-1024x768.webp"},{"@type":"WebSite","@id":"https:\/\/malayo.dk\/#website","url":"https:\/\/malayo.dk\/","name":"Malayo","description":"","publisher":{"@id":"https:\/\/malayo.dk\/#organization"},"potentialAction":[{"@type":"SearchAction","target":{"@type":"EntryPoint","urlTemplate":"https:\/\/malayo.dk\/?s={search_term_string}"},"query-input":{"@type":"PropertyValueSpecification","valueRequired":true,"valueName":"search_term_string"}}],"inLanguage":"da-DK"},{"@type":"Organization","@id":"https:\/\/malayo.dk\/#organization","name":"Malayo","url":"https:\/\/malayo.dk\/","logo":{"@type":"ImageObject","inLanguage":"da-DK","@id":"https:\/\/malayo.dk\/#\/schema\/logo\/image\/","url":"https:\/\/malayo.dk\/wp-content\/uploads\/MalayoMainLogo.png","contentUrl":"https:\/\/malayo.dk\/wp-content\/uploads\/MalayoMainLogo.png","width":1672,"height":446,"caption":"Malayo"},"image":{"@id":"https:\/\/malayo.dk\/#\/schema\/logo\/image\/"}}]}},"_links":{"self":[{"href":"https:\/\/malayo.dk\/da\/wp-json\/wp\/v2\/pages\/3316","targetHints":{"allow":["GET"]}}],"collection":[{"href":"https:\/\/malayo.dk\/da\/wp-json\/wp\/v2\/pages"}],"about":[{"href":"https:\/\/malayo.dk\/da\/wp-json\/wp\/v2\/types\/page"}],"author":[{"embeddable":true,"href":"https:\/\/malayo.dk\/da\/wp-json\/wp\/v2\/users\/1"}],"replies":[{"embeddable":true,"href":"https:\/\/malayo.dk\/da\/wp-json\/wp\/v2\/comments?post=3316"}],"version-history":[{"count":17,"href":"https:\/\/malayo.dk\/da\/wp-json\/wp\/v2\/pages\/3316\/revisions"}],"predecessor-version":[{"id":3498,"href":"https:\/\/malayo.dk\/da\/wp-json\/wp\/v2\/pages\/3316\/revisions\/3498"}],"wp:attachment":[{"href":"https:\/\/malayo.dk\/da\/wp-json\/wp\/v2\/media?parent=3316"}],"curies":[{"name":"wp","href":"https:\/\/api.w.org\/{rel}","templated":true}]}}